{"id":33962,"date":"2025-10-09T09:50:16","date_gmt":"2025-10-09T15:50:16","guid":{"rendered":"https:\/\/overtek.mx\/?page_id=33962"},"modified":"2025-10-09T10:06:39","modified_gmt":"2025-10-09T16:06:39","slug":"administracion-de-identidades","status":"publish","type":"page","link":"https:\/\/overtek.mx\/en\/administracion-de-identidades\/","title":{"rendered":"Administraci\u00f3n de identidades"},"content":{"rendered":"<section class=\"wpb-content-wrapper\"><section data-vc-full-width=\"true\" data-vc-full-width-init=\"false\" class=\"vc_section vc_section_visible custom-responsive-137740465 vc_custom_1760025985649 vc_section-has-fill\" data-section-name=\"\"><div class=\"pix_element_overlay  bg-heading-default\" style=\"pointer-events:none;;position:absolute;width:100%;height:100%;top:0;left:0;opacity:0.8;\"><\/div><div data-vc-full-width=\"true\" data-vc-full-width-init=\"false\" class=\"vc_row wpb_row vc_row-fluid vc_row_visible custom-responsive-84597572 vc_row-o-content-middle vc_row-flex\"><div class=\"wpb_column vc_column_container vc_col-sm-12 text-left\"><div class=\"vc_column-inner  vc_custom_1604715604745\"><div class=\"wpb_wrapper\"><div id=\"el1749249152455-266a72b7-6123\" class=\"mb-3 text-center  vc_custom_1760024870583\"><h1 class=\"mb-32 pix-sliding-headline-2 animate-in font-weight-bold secondary-font\" data-anim-type=\"pix-sliding-text\" pix-anim-delay=\"500\" data-class=\"secondary-font text-white\" style=\"\"><span class=\"slide-in-container\"><span class=\"pix-sliding-item secondary-font text-white\" style=\"transition-delay: 0ms;\">Administraci\u00f3n&#32;<\/span><\/span> <span class=\"slide-in-container\"><span class=\"pix-sliding-item secondary-font text-white\" style=\"transition-delay: 150ms;\">de&#32;<\/span><\/span> <span class=\"slide-in-container\"><span class=\"pix-sliding-item secondary-font text-white\" style=\"transition-delay: 300ms;\">identidades&#32;<\/span><\/span> <\/h1><\/div><\/div><\/div><\/div><\/div><div class=\"vc_row-full-width vc_clearfix\"><\/div><\/section><div class=\"vc_row-full-width vc_clearfix\"><\/div><section data-vc-full-width=\"true\" data-vc-full-width-init=\"false\" class=\"vc_section vc_section_visible vc_custom_1749583851110 vc_section-has-fill\" data-section-name=\"\"><div class=\"vc_row wpb_row vc_row-fluid vc_row_visible vc_row-o-content-middle vc_row-flex\"><div class=\"wpb_column vc_column_container vc_col-sm-6 text-left\"><div class=\"vc_column-inner\"><div class=\"wpb_wrapper\"><div id=\"el1755283367053-10267123-abc8\" class=\"pix-el-text   w-100\" ><p class=\"\"><h2><b>Administraci\u00f3n de Identidades (Directorio Activo y Azure AD)<\/b><\/h2>\n<\/p><\/div><div id=\"el1755283381469-7502a59c-3092\" class=\"pix-el-text   w-100   vc_custom_1755283690449\" ><p class=\"\"><p><span style=\"font-weight: 400;\">Moderniza, protege e integra tu infraestructura TI con expertos certificados.<\/span><\/p>\n<p><span style=\"font-weight: 400;\">En un entorno digital en constante evoluci\u00f3n, contar con una arquitectura de Active Directory s\u00f3lida y segura es clave para la continuidad operativa. Nuestro servicio de consultor\u00eda est\u00e1 dise\u00f1ado para ayudarte a:<\/span><\/p>\n<\/p><\/div><div id=\"1755283430785-45e08a94-7479\" class=\"pix-feature-el  media  vc_custom_1755283762153\"><div class=\"mr-3 feature_img animate-in\" data-anim-type=\"fade-in\" data-anim-delay=\"100\" style=\"position:relative;text-align:center;\"><i style=\"display:inline-block;font-size:38px;min-width:38px;line-height:38px;\" class=\"text-red align-middle pixicon-check-square-2\"><\/i><\/div><div class=\"media-body text-left\"><div class=\"font-weight-bold  secondary-font text-heading-default animate-in\" style=\"font-size:18px;\" data-anim-type=\"fade-in\" data-anim-delay=\"200\">Implementar desde cero<\/div><div class=\"text-body-default text-sm     animate-in\" style=\"padding-top:5px;\" data-anim-type=\"fade-in\" data-anim-delay=\"300\">Dise\u00f1amos e implementamos estructuras de Active Directory alineadas con las mejores pr\u00e1cticas y necesidades espec\u00edficas de tu organizaci\u00f3n.<\/div><\/div><\/div><div id=\"1755283460111-46a8d01d-e54e\" class=\"pix-feature-el  media  vc_custom_1755283787654\"><div class=\"mr-3 feature_img animate-in\" data-anim-type=\"fade-in\" data-anim-delay=\"100\" style=\"position:relative;text-align:center;\"><i style=\"display:inline-block;font-size:38px;min-width:38px;line-height:38px;\" class=\"text-red align-middle pixicon-refresh-1\"><\/i><\/div><div class=\"media-body text-left\"><div class=\"font-weight-bold  secondary-font text-heading-default animate-in\" style=\"font-size:18px;\" data-anim-type=\"fade-in\" data-anim-delay=\"200\">Migrar y actualizar sin riesgos<\/div><div class=\"text-body-default text-sm     animate-in\" style=\"padding-top:5px;\" data-anim-type=\"fade-in\" data-anim-delay=\"300\">Realizamos migraciones y actualizaciones de versiones de AD con m\u00ednima interrupci\u00f3n y m\u00e1xima seguridad.<\/div><\/div><\/div><div id=\"1755283476534-67fc65ea-0ac7\" class=\"pix-feature-el  media  vc_custom_1755283802826\"><div class=\"mr-3 feature_img animate-in\" data-anim-type=\"fade-in\" data-anim-delay=\"100\" style=\"position:relative;text-align:center;\"><i style=\"display:inline-block;font-size:38px;min-width:38px;line-height:38px;\" class=\"text-red align-middle pixicon-icloud\"><\/i><\/div><div class=\"media-body text-left\"><div class=\"font-weight-bold  secondary-font text-heading-default animate-in\" style=\"font-size:18px;\" data-anim-type=\"fade-in\" data-anim-delay=\"200\">Integrar con Office 365<\/div><div class=\"text-body-default text-sm     animate-in\" style=\"padding-top:5px;\" data-anim-type=\"fade-in\" data-anim-delay=\"300\">Conectamos tu entorno local con Microsoft 365 para una experiencia h\u00edbrida fluida y segura.<\/div><\/div><\/div><div id=\"1755283490725-55c7643f-7a18\" class=\"pix-feature-el  media  vc_custom_1755283828252\"><div class=\"mr-3 feature_img animate-in\" data-anim-type=\"fade-in\" data-anim-delay=\"100\" style=\"position:relative;text-align:center;\"><i style=\"display:inline-block;font-size:38px;min-width:38px;line-height:38px;\" class=\"text-red align-middle pixicon-shield-ok\"><\/i><\/div><div class=\"media-body text-left\"><div class=\"font-weight-bold  secondary-font text-heading-default animate-in\" style=\"font-size:18px;\" data-anim-type=\"fade-in\" data-anim-delay=\"200\">Fortalecer la seguridad<\/div><div class=\"text-body-default text-sm     animate-in\" style=\"padding-top:5px;\" data-anim-type=\"fade-in\" data-anim-delay=\"300\">Auditamos y reforzamos tu AD para protegerlo contra amenazas internas y externas, cumpliendo con est\u00e1ndares de seguridad y normativas.<\/div><\/div><\/div><a  href=\"https:\/\/overtek.mx\/en\/contacto\/\" class=\"btn mb-2     shadow-sm text-white btn-red d-inline-block pix-hover-item      btn-rounded animate-in btn-md\"   data-anim-type=\"fade-in-left\" data-anim-delay=\"800\" ><i class=\"font-weight-bold pixicon-angle-right  pix-hover-left  mr-1\"><\/i> <span class=\"font-weight-bold\" >Cont\u00e1ctanos para m\u00e1s informaci\u00f3n<\/span><\/a><\/div><\/div><\/div><div class=\"wpb_column vc_column_container vc_col-sm-6 text-left\"><div class=\"vc_column-inner\"><div class=\"wpb_wrapper\">\n\t<div  class=\"wpb_single_image wpb_content_element vc_align_left\">\n\t\t\n\t\t<figure class=\"wpb_wrapper vc_figure\">\n\t\t\t<div class=\"vc_single_image-wrapper   vc_box_border_grey\"><img loading=\"lazy\" decoding=\"async\" width=\"1465\" height=\"2442\" src=\"https:\/\/overtek.mx\/wp-content\/uploads\/2025\/10\/directorio-activo-y-azure-ad-overtek.jpg\" class=\"vc_single_image-img attachment-full\" alt=\"\" title=\"directorio-activo-y-azure-ad-overtek\" srcset=\"https:\/\/overtek.mx\/wp-content\/uploads\/2025\/10\/directorio-activo-y-azure-ad-overtek.jpg 1465w, https:\/\/overtek.mx\/wp-content\/uploads\/2025\/10\/directorio-activo-y-azure-ad-overtek-180x300.jpg 180w, https:\/\/overtek.mx\/wp-content\/uploads\/2025\/10\/directorio-activo-y-azure-ad-overtek-614x1024.jpg 614w, https:\/\/overtek.mx\/wp-content\/uploads\/2025\/10\/directorio-activo-y-azure-ad-overtek-768x1280.jpg 768w, https:\/\/overtek.mx\/wp-content\/uploads\/2025\/10\/directorio-activo-y-azure-ad-overtek-921x1536.jpg 921w, https:\/\/overtek.mx\/wp-content\/uploads\/2025\/10\/directorio-activo-y-azure-ad-overtek-1229x2048.jpg 1229w, https:\/\/overtek.mx\/wp-content\/uploads\/2025\/10\/directorio-activo-y-azure-ad-overtek-7x12.jpg 7w\" sizes=\"auto, (max-width: 1465px) 100vw, 1465px\" \/><\/div>\n\t\t<\/figure>\n\t<\/div>\n<\/div><\/div><\/div><\/div><\/section><div class=\"vc_row-full-width vc_clearfix\"><\/div><\/section>","protected":false},"excerpt":{"rendered":"Administraci\u00f3n&#32; de&#32; identidades&#32; Administraci\u00f3n de Identidades (Directorio Activo y Azure AD) Moderniza, protege e integra tu infraestructura TI con expertos certificados. En un entorno digital en constante evoluci\u00f3n, contar con una arquitectura de Active Directory s\u00f3lida y segura es clave...","protected":false},"author":1,"featured_media":0,"parent":0,"menu_order":0,"comment_status":"closed","ping_status":"closed","template":"","meta":{"footnotes":""},"class_list":["post-33962","page","type-page","status-publish","hentry"],"_links":{"self":[{"href":"https:\/\/overtek.mx\/en\/wp-json\/wp\/v2\/pages\/33962","targetHints":{"allow":["GET"]}}],"collection":[{"href":"https:\/\/overtek.mx\/en\/wp-json\/wp\/v2\/pages"}],"about":[{"href":"https:\/\/overtek.mx\/en\/wp-json\/wp\/v2\/types\/page"}],"author":[{"embeddable":true,"href":"https:\/\/overtek.mx\/en\/wp-json\/wp\/v2\/users\/1"}],"replies":[{"embeddable":true,"href":"https:\/\/overtek.mx\/en\/wp-json\/wp\/v2\/comments?post=33962"}],"version-history":[{"count":6,"href":"https:\/\/overtek.mx\/en\/wp-json\/wp\/v2\/pages\/33962\/revisions"}],"predecessor-version":[{"id":33972,"href":"https:\/\/overtek.mx\/en\/wp-json\/wp\/v2\/pages\/33962\/revisions\/33972"}],"wp:attachment":[{"href":"https:\/\/overtek.mx\/en\/wp-json\/wp\/v2\/media?parent=33962"}],"curies":[{"name":"wp","href":"https:\/\/api.w.org\/{rel}","templated":true}]}}