{"id":33953,"date":"2025-10-09T09:05:09","date_gmt":"2025-10-09T15:05:09","guid":{"rendered":"https:\/\/overtek.mx\/?page_id=33953"},"modified":"2025-10-09T09:39:11","modified_gmt":"2025-10-09T15:39:11","slug":"monitoreo","status":"publish","type":"page","link":"https:\/\/overtek.mx\/en\/monitoreo\/","title":{"rendered":"Monitoreo"},"content":{"rendered":"<section class=\"wpb-content-wrapper\"><section data-vc-full-width=\"true\" data-vc-full-width-init=\"false\" class=\"vc_section vc_section_visible custom-responsive-8258526 vc_custom_1760023412976 vc_section-has-fill\" data-section-name=\"\"><div class=\"pix_element_overlay  bg-heading-default\" style=\"pointer-events:none;;position:absolute;width:100%;height:100%;top:0;left:0;opacity:0.8;\"><\/div><div data-vc-full-width=\"true\" data-vc-full-width-init=\"false\" class=\"vc_row wpb_row vc_row-fluid vc_row_visible custom-responsive-80159927 vc_row-o-content-middle vc_row-flex\"><div class=\"wpb_column vc_column_container vc_col-sm-12 text-left\"><div class=\"vc_column-inner  vc_custom_1604715604745\"><div class=\"wpb_wrapper\"><div id=\"el1749249152455-266a72b7-6123\" class=\"mb-3 text-center  vc_custom_1760022332106\"><h1 class=\"mb-32 pix-sliding-headline-2 animate-in font-weight-bold secondary-font\" data-anim-type=\"pix-sliding-text\" pix-anim-delay=\"500\" data-class=\"secondary-font text-white\" style=\"\"><span class=\"slide-in-container\"><span class=\"pix-sliding-item secondary-font text-white\" style=\"transition-delay: 0ms;\">Monitoreo&#32;<\/span><\/span> <\/h1><\/div><\/div><\/div><\/div><\/div><div class=\"vc_row-full-width vc_clearfix\"><\/div><\/section><div class=\"vc_row-full-width vc_clearfix\"><\/div><section data-vc-full-width=\"true\" data-vc-full-width-init=\"false\" class=\"vc_section vc_section_visible vc_custom_1755203724067 vc_section-has-fill\" data-section-name=\"\"><div data-vc-full-width=\"true\" data-vc-full-width-init=\"false\" class=\"vc_row wpb_row vc_row-fluid vc_row_visible vc_row-o-content-middle vc_row-flex\"><div class=\"wpb_column vc_column_container vc_col-sm-5 text-left\"><div class=\"vc_column-inner\"><div class=\"wpb_wrapper\">\n\t<div  class=\"wpb_single_image wpb_content_element vc_align_left\">\n\t\t\n\t\t<figure class=\"wpb_wrapper vc_figure\">\n\t\t\t<div class=\"vc_single_image-wrapper   vc_box_border_grey\"><img loading=\"lazy\" decoding=\"async\" width=\"1465\" height=\"2208\" src=\"https:\/\/overtek.mx\/wp-content\/uploads\/2025\/10\/nagios-con-overtek.jpg\" class=\"vc_single_image-img attachment-full\" alt=\"\" title=\"nagios-con-overtek\" srcset=\"https:\/\/overtek.mx\/wp-content\/uploads\/2025\/10\/nagios-con-overtek.jpg 1465w, https:\/\/overtek.mx\/wp-content\/uploads\/2025\/10\/nagios-con-overtek-199x300.jpg 199w, https:\/\/overtek.mx\/wp-content\/uploads\/2025\/10\/nagios-con-overtek-679x1024.jpg 679w, https:\/\/overtek.mx\/wp-content\/uploads\/2025\/10\/nagios-con-overtek-768x1158.jpg 768w, https:\/\/overtek.mx\/wp-content\/uploads\/2025\/10\/nagios-con-overtek-1019x1536.jpg 1019w, https:\/\/overtek.mx\/wp-content\/uploads\/2025\/10\/nagios-con-overtek-1359x2048.jpg 1359w, https:\/\/overtek.mx\/wp-content\/uploads\/2025\/10\/nagios-con-overtek-8x12.jpg 8w\" sizes=\"auto, (max-width: 1465px) 100vw, 1465px\" \/><\/div>\n\t\t<\/figure>\n\t<\/div>\n<\/div><\/div><\/div><div class=\"wpb_column vc_column_container vc_col-sm-7 text-left\"><div class=\"vc_column-inner\"><div class=\"wpb_wrapper\"><div id=\"el1755198346275-309ecf20-a25d\" class=\"pix-el-text   w-100\" ><p class=\"\"><h2><b>Monitoreo inteligente con <span style=\"color: #6f0c2f;\">Nagios<\/span><\/b><b>: Consultor\u00eda, Soporte e Implementaci\u00f3n especializada<\/b><\/h2>\n<div id=\"gtx-trans\" style=\"position: absolute; left: 257px; top: -4.52778px;\">\n<h2 class=\"gtx-trans-icon\"><\/h2>\n<\/div><\/div><div id=\"el1755198410938-0978ab9b-5903\" class=\"pix-el-text   w-100\" ><p class=\"\"><p>Somos una empresa enfocada en brindar soluciones efectivas en\u00a0<span style=\"color: #041424;\"><b>Nagios<\/b><\/span>, la plataforma l\u00edder en monitoreo de infraestructura TI. Nuestro equipo experto ofrece\u00a0<span style=\"color: #041424;\"><b>consultor\u00eda, soporte t\u00e9cnico e implementaci\u00f3n personalizada<\/b>,<\/span>\u00a0ayudando a las organizaciones a mantener sus sistemas cr\u00edticos bajo control.<\/p>\n<p><span style=\"color: #041424;\"><b>\u00bfPor qu\u00e9 Nagios?<\/b><\/span><\/p>\n<\/p><\/div><div id=\"duo-icon-11125442\" class=\"slide-in-container w-100   vc_custom_1760023022801\" ><div class=\"py-2 animate-in\" data-anim-type=\"fade-in-right\" data-anim-delay=\"1000\"><div class=\"pix-feature-list        py-2 d-flex align-items-center\" ><div class=\"pix-mr-10 text-red\" style=\"width:1.5em;min-width:1.5em;height:1.5em;min-width:1.5em;position:relative;line-height:1em;text-align:center;\"><svg width=\"100%\" height=\"100%\" viewbox=\"0 0 24 24\" version=\"1.1\" xmlns=\"http:\/\/www.w3.org\/2000\/svg\" xmlns:xlink=\"http:\/\/www.w3.org\/1999\/xlink\"> <defs><\/defs> <g stroke=\"none\" stroke-width=\"1\" fill=\"none\" fill-rule=\"evenodd\"> <circle fill=\"#000000\" opacity=\"0.3\" cx=\"12\" cy=\"12\" r=\"10\"><\/circle> <path d=\"M16.7689447,7.81768175 C17.1457787,7.41393107 17.7785676,7.39211077 18.1823183,7.76894473 C18.5860689,8.1457787 18.6078892,8.77856757 18.2310553,9.18231825 L11.2310553,16.6823183 C10.8654446,17.0740439 10.2560456,17.107974 9.84920863,16.7592566 L6.34920863,13.7592566 C5.92988278,13.3998345 5.88132125,12.7685345 6.2407434,12.3492086 C6.60016555,11.9298828 7.23146553,11.8813212 7.65079137,12.2407434 L10.4229928,14.616916 L16.7689447,7.81768175 Z\" fill=\"#000000\" fill-rule=\"nonzero\"><\/path> <\/g> <\/svg><\/div><span class=\"text-heading-default\"><b>Monitoreo en tiempo real<\/b> de servidores, redes, aplicaciones y servicios.<\/span><\/div><div class=\"pix-feature-list        py-2 d-flex align-items-center\" ><div class=\"pix-mr-10 text-red\" style=\"width:1.5em;min-width:1.5em;height:1.5em;min-width:1.5em;position:relative;line-height:1em;text-align:center;\"><svg width=\"100%\" height=\"100%\" viewbox=\"0 0 24 24\" version=\"1.1\" xmlns=\"http:\/\/www.w3.org\/2000\/svg\" xmlns:xlink=\"http:\/\/www.w3.org\/1999\/xlink\"> <defs><\/defs> <g stroke=\"none\" stroke-width=\"1\" fill=\"none\" fill-rule=\"evenodd\"> <circle fill=\"#000000\" opacity=\"0.3\" cx=\"12\" cy=\"12\" r=\"10\"><\/circle> <path d=\"M16.7689447,7.81768175 C17.1457787,7.41393107 17.7785676,7.39211077 18.1823183,7.76894473 C18.5860689,8.1457787 18.6078892,8.77856757 18.2310553,9.18231825 L11.2310553,16.6823183 C10.8654446,17.0740439 10.2560456,17.107974 9.84920863,16.7592566 L6.34920863,13.7592566 C5.92988278,13.3998345 5.88132125,12.7685345 6.2407434,12.3492086 C6.60016555,11.9298828 7.23146553,11.8813212 7.65079137,12.2407434 L10.4229928,14.616916 L16.7689447,7.81768175 Z\" fill=\"#000000\" fill-rule=\"nonzero\"><\/path> <\/g> <\/svg><\/div><span class=\"text-heading-default\"><b>Alertas proactivas<\/b> para prevenir fallos antes de que afecten la operaci\u00f3n.<\/span><\/div><div class=\"pix-feature-list        py-2 d-flex align-items-center\" ><div class=\"pix-mr-10 text-red\" style=\"width:1.5em;min-width:1.5em;height:1.5em;min-width:1.5em;position:relative;line-height:1em;text-align:center;\"><svg width=\"100%\" height=\"100%\" viewbox=\"0 0 24 24\" version=\"1.1\" xmlns=\"http:\/\/www.w3.org\/2000\/svg\" xmlns:xlink=\"http:\/\/www.w3.org\/1999\/xlink\"> <defs><\/defs> <g stroke=\"none\" stroke-width=\"1\" fill=\"none\" fill-rule=\"evenodd\"> <circle fill=\"#000000\" opacity=\"0.3\" cx=\"12\" cy=\"12\" r=\"10\"><\/circle> <path d=\"M16.7689447,7.81768175 C17.1457787,7.41393107 17.7785676,7.39211077 18.1823183,7.76894473 C18.5860689,8.1457787 18.6078892,8.77856757 18.2310553,9.18231825 L11.2310553,16.6823183 C10.8654446,17.0740439 10.2560456,17.107974 9.84920863,16.7592566 L6.34920863,13.7592566 C5.92988278,13.3998345 5.88132125,12.7685345 6.2407434,12.3492086 C6.60016555,11.9298828 7.23146553,11.8813212 7.65079137,12.2407434 L10.4229928,14.616916 L16.7689447,7.81768175 Z\" fill=\"#000000\" fill-rule=\"nonzero\"><\/path> <\/g> <\/svg><\/div><span class=\"text-heading-default\"><b>Escalabilidad<\/b> para adaptarse a entornos peque\u00f1os o grandes.<\/span><\/div><div class=\"pix-feature-list        py-2 d-flex align-items-center\" ><div class=\"pix-mr-10 text-red\" style=\"width:1.5em;min-width:1.5em;height:1.5em;min-width:1.5em;position:relative;line-height:1em;text-align:center;\"><svg width=\"100%\" height=\"100%\" viewbox=\"0 0 24 24\" version=\"1.1\" xmlns=\"http:\/\/www.w3.org\/2000\/svg\" xmlns:xlink=\"http:\/\/www.w3.org\/1999\/xlink\"> <defs><\/defs> <g stroke=\"none\" stroke-width=\"1\" fill=\"none\" fill-rule=\"evenodd\"> <circle fill=\"#000000\" opacity=\"0.3\" cx=\"12\" cy=\"12\" r=\"10\"><\/circle> <path d=\"M16.7689447,7.81768175 C17.1457787,7.41393107 17.7785676,7.39211077 18.1823183,7.76894473 C18.5860689,8.1457787 18.6078892,8.77856757 18.2310553,9.18231825 L11.2310553,16.6823183 C10.8654446,17.0740439 10.2560456,17.107974 9.84920863,16.7592566 L6.34920863,13.7592566 C5.92988278,13.3998345 5.88132125,12.7685345 6.2407434,12.3492086 C6.60016555,11.9298828 7.23146553,11.8813212 7.65079137,12.2407434 L10.4229928,14.616916 L16.7689447,7.81768175 Z\" fill=\"#000000\" fill-rule=\"nonzero\"><\/path> <\/g> <\/svg><\/div><span class=\"text-heading-default\"><b>Integraci\u00f3n flexible<\/b> con otras herramientas y sistemas.<\/span><\/div><div class=\"pix-feature-list        py-2 d-flex align-items-center\" ><div class=\"pix-mr-10 text-red\" style=\"width:1.5em;min-width:1.5em;height:1.5em;min-width:1.5em;position:relative;line-height:1em;text-align:center;\"><svg width=\"100%\" height=\"100%\" viewbox=\"0 0 24 24\" version=\"1.1\" xmlns=\"http:\/\/www.w3.org\/2000\/svg\" xmlns:xlink=\"http:\/\/www.w3.org\/1999\/xlink\"> <defs><\/defs> <g stroke=\"none\" stroke-width=\"1\" fill=\"none\" fill-rule=\"evenodd\"> <circle fill=\"#000000\" opacity=\"0.3\" cx=\"12\" cy=\"12\" r=\"10\"><\/circle> <path d=\"M16.7689447,7.81768175 C17.1457787,7.41393107 17.7785676,7.39211077 18.1823183,7.76894473 C18.5860689,8.1457787 18.6078892,8.77856757 18.2310553,9.18231825 L11.2310553,16.6823183 C10.8654446,17.0740439 10.2560456,17.107974 9.84920863,16.7592566 L6.34920863,13.7592566 C5.92988278,13.3998345 5.88132125,12.7685345 6.2407434,12.3492086 C6.60016555,11.9298828 7.23146553,11.8813212 7.65079137,12.2407434 L10.4229928,14.616916 L16.7689447,7.81768175 Z\" fill=\"#000000\" fill-rule=\"nonzero\"><\/path> <\/g> <\/svg><\/div><span class=\"text-heading-default\"><b>Visibilidad centralizada<\/b> para una gesti\u00f3n m\u00e1s eficiente.<\/span><\/div><\/div><\/div><a  href=\"https:\/\/overtek.mx\/en\/contacto\/\" class=\"btn mb-2     shadow-lg shadow-hover-lg text-white btn-red d-inline-block pix-hover-item     secondary-font btn-rounded animate-in btn-md\"   data-anim-type=\"fade-in-up\" data-anim-delay=\"600\" ><i class=\"font-weight-bold pixicon-user-circle-1  pix-hover-left  mr-1\"><\/i> <span class=\"font-weight-bold\" >Habla con un experto hoy<\/span><\/a><\/div><\/div><\/div><\/div><div class=\"vc_row-full-width vc_clearfix\"><\/div><\/section><div class=\"vc_row-full-width vc_clearfix\"><\/div><\/section>","protected":false},"excerpt":{"rendered":"Monitoreo&#32; Monitoreo inteligente con Nagios: Consultor\u00eda, Soporte e Implementaci\u00f3n especializada Somos una empresa enfocada en brindar soluciones efectivas en\u00a0Nagios, la plataforma l\u00edder en monitoreo de infraestructura TI. Nuestro equipo experto ofrece\u00a0consultor\u00eda, soporte t\u00e9cnico e implementaci\u00f3n personalizada,\u00a0ayudando a las organizaciones a...","protected":false},"author":1,"featured_media":0,"parent":0,"menu_order":0,"comment_status":"closed","ping_status":"closed","template":"","meta":{"footnotes":""},"class_list":["post-33953","page","type-page","status-publish","hentry"],"_links":{"self":[{"href":"https:\/\/overtek.mx\/en\/wp-json\/wp\/v2\/pages\/33953","targetHints":{"allow":["GET"]}}],"collection":[{"href":"https:\/\/overtek.mx\/en\/wp-json\/wp\/v2\/pages"}],"about":[{"href":"https:\/\/overtek.mx\/en\/wp-json\/wp\/v2\/types\/page"}],"author":[{"embeddable":true,"href":"https:\/\/overtek.mx\/en\/wp-json\/wp\/v2\/users\/1"}],"replies":[{"embeddable":true,"href":"https:\/\/overtek.mx\/en\/wp-json\/wp\/v2\/comments?post=33953"}],"version-history":[{"count":6,"href":"https:\/\/overtek.mx\/en\/wp-json\/wp\/v2\/pages\/33953\/revisions"}],"predecessor-version":[{"id":33955,"href":"https:\/\/overtek.mx\/en\/wp-json\/wp\/v2\/pages\/33953\/revisions\/33955"}],"wp:attachment":[{"href":"https:\/\/overtek.mx\/en\/wp-json\/wp\/v2\/media?parent=33953"}],"curies":[{"name":"wp","href":"https:\/\/api.w.org\/{rel}","templated":true}]}}