{"id":33718,"date":"2025-06-11T17:19:03","date_gmt":"2025-06-11T17:19:03","guid":{"rendered":"https:\/\/overtek.mx\/?page_id=33718"},"modified":"2025-06-11T19:02:26","modified_gmt":"2025-06-11T19:02:26","slug":"bolsa-de-trabajo","status":"publish","type":"page","link":"https:\/\/overtek.mx\/en\/bolsa-de-trabajo\/","title":{"rendered":"Bolsa de trabajo"},"content":{"rendered":"<section class=\"wpb-content-wrapper\"><section data-vc-full-width=\"true\" data-vc-full-width-init=\"false\" class=\"vc_section vc_section_visible custom-responsive-28082783 vc_custom_1749668519985 vc_section-has-fill\" data-section-name=\"\"><div class=\"pix_element_overlay  bg-heading-default\" style=\"pointer-events:none;;position:absolute;width:100%;height:100%;top:0;left:0;opacity:0.8;\"><\/div><div data-vc-full-width=\"true\" data-vc-full-width-init=\"false\" class=\"vc_row wpb_row vc_row-fluid vc_row_visible custom-responsive-156175514 vc_row-o-content-middle vc_row-flex\"><div class=\"wpb_column vc_column_container vc_col-sm-12 text-left\"><div class=\"vc_column-inner  vc_custom_1604715604745\"><div class=\"wpb_wrapper\"><div id=\"el1749249152455-266a72b7-6123\" class=\"mb-3 text-center  vc_custom_1749662384719\"><h1 class=\"mb-32 pix-sliding-headline-2 animate-in font-weight-bold secondary-font\" data-anim-type=\"pix-sliding-text\" pix-anim-delay=\"500\" data-class=\"secondary-font text-white\" style=\"\"><span class=\"slide-in-container\"><span class=\"pix-sliding-item secondary-font text-white\" style=\"transition-delay: 0ms;\">Integrate&#32;<\/span><\/span> <span class=\"slide-in-container\"><span class=\"pix-sliding-item secondary-font text-white\" style=\"transition-delay: 150ms;\">a&#32;<\/span><\/span> <span class=\"slide-in-container\"><span class=\"pix-sliding-item secondary-font text-white\" style=\"transition-delay: 300ms;\">nuestro&#32;<\/span><\/span> <span class=\"slide-in-container\"><span class=\"pix-sliding-item secondary-font text-white\" style=\"transition-delay: 450ms;\">equipo&#32;<\/span><\/span> <span class=\"slide-in-container\"><span class=\"pix-sliding-item secondary-font text-white\" style=\"transition-delay: 600ms;\">de&#32;<\/span><\/span> <span class=\"slide-in-container\"><span class=\"pix-sliding-item secondary-font text-white\" style=\"transition-delay: 750ms;\">profesionales&#32;<\/span><\/span> <\/h1><\/div><\/div><\/div><\/div><\/div><div class=\"vc_row-full-width vc_clearfix\"><\/div><\/section><div class=\"vc_row-full-width vc_clearfix\"><\/div><section data-vc-full-width=\"true\" data-vc-full-width-init=\"false\" class=\"vc_section vc_section_visible vc_custom_1749666428053 vc_section-has-fill\" data-section-name=\"\"><div class=\"vc_row wpb_row vc_row-fluid vc_row_visible vc_row-o-content-middle vc_row-flex\"><div class=\"wpb_column vc_column_container vc_col-sm-6 text-left\"><div class=\"vc_column-inner\"><div class=\"wpb_wrapper\"><div id=\"el1749574944741-0b4d0c37-8e59\" class=\"pix-highlighted-element text-left  vc_custom_1749662451431\"><h2 class=\"pix-highlighted-items\" style=\"\" data-anim-type=\"\" data-anim-delay=\"0\"><span id=\"el1749574944741-0b4d0c37-8e59-0\" class=\"\"><span class=\"pix-highlighted-text pix-highlight-item font-weight-normal  font-weight-bold heading-font text-heading-default\">\u00bfPor qu\u00e9 trabajar en Overtek?<\/span><\/span><\/h2><\/div><div id=\"el1749574997660-ddc73bc3-fa51\" class=\"pix-el-text   w-100\" ><p class=\"\"><p>Somos una empresa certificada Microsoft fundada por especialistas en el \u00e1rea de Tecnolog\u00edas de la Informaci\u00f3n con m\u00e1s de 15 a\u00f1os de experiencia.<\/p>\n<p>Nuestra filosof\u00eda de mejora continua; el conocimiento, entrega y compromiso de todos los que formamos parte de esta organizaci\u00f3n; la atenci\u00f3n personalizada y el alto sentido de responsabilidad hacia los clientes, son factores fundamentales para que brindemos <span style=\"color: #041424;\"><strong>servicios de calidad y soluciones confiables<\/strong><\/span>, logrando la preferencia de los clientes.<\/p>\n<p>Somos una empresa de desaf\u00edos y estamos buscando <span style=\"color: #041424;\"><strong>colaboradores comprometidos y con ganas de crecer profesionalmente.<\/strong><\/span><\/p>\n<p>\u00a1En <span style=\"color: #041424;\"><strong>Overtek<\/strong><\/span> seguimos creciendo!<\/p>\n<p>Y nos interesamos en personas que quieran demostrar, compartir y desarrollar sus habilidades y talentos. Si las vacantes no corresponden a tu perfil pero est\u00e1s interesado en formar parte del equipo, env\u00eda tu curriculum y te contactaremos.<\/p>\n<\/p><\/div><\/div><\/div><\/div><div class=\"wpb_column vc_column_container vc_col-sm-6 text-left\"><div class=\"vc_column-inner\"><div class=\"wpb_wrapper\"><div class=\"pix-content-box card      vc_custom_1590979651552    rounded-xl shadow-lg shadow-hover-lg animate-in bg- w-100\"  data-anim-type=\"fade-in-up\" data-anim-delay=\"0\"><div class=\"\" style=\"z-index:30;position:relative;\"><div id=\"el1749662519706-b6f69468-c3a9\" class=\"mb-3 text-center\"><h4 class=\"mb-32 pix-sliding-headline-2 animate-in font-weight-bold secondary-font\" data-anim-type=\"pix-sliding-text\" pix-anim-delay=\"500\" data-class=\"secondary-font text-heading-default\" style=\"\"><span class=\"slide-in-container\"><span class=\"pix-sliding-item secondary-font text-heading-default\" style=\"transition-delay: 0ms;\">Aplica&#32;<\/span><\/span> <span class=\"slide-in-container\"><span class=\"pix-sliding-item secondary-font text-heading-default\" style=\"transition-delay: 150ms;\">aqu\u00ed&#32;<\/span><\/span> <\/h4><\/div>\n<div class=\"wpcf7 no-js\" id=\"wpcf7-f33722-o1\" lang=\"es-ES\" dir=\"ltr\" data-wpcf7-id=\"33722\">\n<div class=\"screen-reader-response\"><p role=\"status\" aria-live=\"polite\" aria-atomic=\"true\"><\/p> <ul><\/ul><\/div>\n<form action=\"\/en\/wp-json\/wp\/v2\/pages\/33718#wpcf7-f33722-o1\" method=\"post\" class=\"wpcf7-form init\" aria-label=\"Formulario de contacto\" novalidate=\"novalidate\" data-status=\"init\" data-trp-original-action=\"\/en\/wp-json\/wp\/v2\/pages\/33718#wpcf7-f33722-o1\">\n<fieldset class=\"hidden-fields-container\"><input type=\"hidden\" name=\"_wpcf7\" value=\"33722\" \/><input type=\"hidden\" name=\"_wpcf7_version\" value=\"6.1.2\" \/><input type=\"hidden\" name=\"_wpcf7_locale\" value=\"es_ES\" \/><input type=\"hidden\" name=\"_wpcf7_unit_tag\" value=\"wpcf7-f33722-o1\" \/><input type=\"hidden\" name=\"_wpcf7_container_post\" value=\"0\" \/><input type=\"hidden\" name=\"_wpcf7_posted_data_hash\" value=\"\" \/>\n<\/fieldset>\n<div class=\"pix-contact7-form\"><div class=\"juls\">\n\t<div class=\"row\">\n\t\t<div class=\"col-md-12\">\n\t\t\t<p><label class=\"w-100\"><span class=\"wpcf7-form-control-wrap\" data-name=\"your-name\"><input size=\"40\" maxlength=\"400\" class=\"wpcf7-form-control wpcf7-text wpcf7-validates-as-required pix-my-5 form-control bg-gray-1 shadow-0\" aria-required=\"true\" aria-invalid=\"false\" placeholder=\"Nombre\" value=\"\" type=\"text\" name=\"your-name\" \/><\/span><\/label>\n\t\t\t<\/p>\n\t\t<\/div>\n\t<\/div>\n\t<div class=\"row\">\n\t\t<div class=\"col-md-6\">\n\t\t\t<p><label class=\"w-100\"> <span class=\"wpcf7-form-control-wrap\" data-name=\"tel-996\"><input size=\"40\" maxlength=\"400\" class=\"wpcf7-form-control wpcf7-tel wpcf7-validates-as-required wpcf7-text wpcf7-validates-as-tel pix-mt-5 form-control bg-gray-1 shadow-0\" aria-required=\"true\" aria-invalid=\"false\" placeholder=\"Tel\u00e9fono\" value=\"\" type=\"tel\" name=\"tel-996\" \/><\/span> <\/label>\n\t\t\t<\/p>\n\t\t<\/div>\n\t\t<div class=\"col-md-6\">\n\t\t\t<p><label class=\"w-100\"> <span class=\"wpcf7-form-control-wrap\" data-name=\"tel-997\"><input size=\"40\" maxlength=\"400\" class=\"wpcf7-form-control wpcf7-tel wpcf7-validates-as-required wpcf7-text wpcf7-validates-as-tel pix-mt-5 form-control bg-gray-1 shadow-0\" aria-required=\"true\" aria-invalid=\"false\" placeholder=\"Celular\" value=\"\" type=\"tel\" name=\"tel-997\" \/><\/span> <\/label>\n\t\t\t<\/p>\n\t\t<\/div>\n\t<\/div>\n\t<div class=\"row\">\n\t\t<div class=\"col-md-6\">\n\t\t\t<p><label class=\"w-100\"><span class=\"wpcf7-form-control-wrap\" data-name=\"text-644\"><input size=\"40\" maxlength=\"400\" class=\"wpcf7-form-control wpcf7-text wpcf7-validates-as-required pix-my-5 form-control bg-gray-1 shadow-0\" aria-required=\"true\" aria-invalid=\"false\" placeholder=\"Estado Civil\" value=\"\" type=\"text\" name=\"text-644\" \/><\/span><\/label>\n\t\t\t<\/p>\n\t\t<\/div>\n\t\t<div class=\"col-md-6\">\n\t\t\t<p><label class=\"w-100\"><span class=\"wpcf7-form-control-wrap\" data-name=\"date-765\"><input class=\"wpcf7-form-control wpcf7-date wpcf7-validates-as-required wpcf7-validates-as-date pix-my-5 form-control bg-gray-1 shadow-0\" aria-required=\"true\" aria-invalid=\"false\" placeholder=\"Fecha de Nacimiento (dd\/mm\/yyyy)\" value=\"\" type=\"date\" name=\"date-765\" \/><\/span><\/label>\n\t\t\t<\/p>\n\t\t<\/div>\n\t<\/div>\n\t<div class=\"row\">\n\t\t<div class=\"col-md-6\">\n\t\t\t<p><label class=\"w-100\"> <span class=\"wpcf7-form-control-wrap\" data-name=\"your-email\"><input size=\"40\" maxlength=\"400\" class=\"wpcf7-form-control wpcf7-email wpcf7-validates-as-required wpcf7-text wpcf7-validates-as-email pix-my-5 form-control bg-gray-1 shadow-0\" aria-required=\"true\" aria-invalid=\"false\" placeholder=\"Correo Electr\u00f3nico\" value=\"\" type=\"email\" name=\"your-email\" \/><\/span><\/label>\n\t\t\t<\/p>\n\t\t<\/div>\n\t\t<div class=\"col-md-6\">\n\t\t\t<p><label class=\"w-100\"> <span class=\"wpcf7-form-control-wrap\" data-name=\"your-email2\"><input size=\"40\" maxlength=\"400\" class=\"wpcf7-form-control wpcf7-email wpcf7-validates-as-required wpcf7-text wpcf7-validates-as-email pix-my-5 form-control bg-gray-1 shadow-0\" aria-required=\"true\" aria-invalid=\"false\" placeholder=\"Correo Electr\u00f3nico 2\" value=\"\" type=\"email\" name=\"your-email2\" \/><\/span><\/label>\n\t\t\t<\/p>\n\t\t<\/div>\n\t<\/div>\n\t<div class=\"row\">\n\t\t<div class=\"col-md-12\">\n\t\t\t<p><label class=\"w-100\"><span class=\"wpcf7-form-control-wrap\" data-name=\"text-478\"><input size=\"40\" maxlength=\"400\" class=\"wpcf7-form-control wpcf7-text pix-my-5 form-control bg-gray-1 shadow-0\" aria-invalid=\"false\" placeholder=\"Escolaridad\" value=\"\" type=\"text\" name=\"text-478\" \/><\/span><\/label>\n\t\t\t<\/p>\n\t\t<\/div>\n\t<\/div>\n\t<div class=\"row\">\n\t\t<div class=\"col-md-6\">\n\t\t\t<p><label class=\"w-100\"><span class=\"wpcf7-form-control-wrap\" data-name=\"number-51\"><input class=\"wpcf7-form-control wpcf7-number wpcf7-validates-as-required wpcf7-validates-as-number pix-my-5 form-control bg-gray-1 shadow-0\" aria-required=\"true\" aria-invalid=\"false\" placeholder=\"% de Idioma Ingl\u00e9s Hablado\" value=\"\" type=\"number\" name=\"number-51\" \/><\/span> <\/label>\n\t\t\t<\/p>\n\t\t<\/div>\n\t\t<div class=\"col-md-6\">\n\t\t\t<p><label class=\"w-100\"> <span class=\"wpcf7-form-control-wrap\" data-name=\"number-52\"><input class=\"wpcf7-form-control wpcf7-number wpcf7-validates-as-required wpcf7-validates-as-number pix-my-5 form-control bg-gray-1 shadow-0\" aria-required=\"true\" aria-invalid=\"false\" placeholder=\"% de Idioma Ingl\u00e9s Escrito\" value=\"\" type=\"number\" name=\"number-52\" \/><\/span><\/label>\n\t\t\t<\/p>\n\t\t<\/div>\n\t<\/div>\n\t<div class=\"row\">\n\t\t<div class=\"col-md-12\">\n\t\t\t<p><label class=\"w-100\"><span class=\"wpcf7-form-control-wrap\" data-name=\"text-290\"><input size=\"40\" maxlength=\"400\" class=\"wpcf7-form-control wpcf7-text wpcf7-validates-as-required pix-my-5 form-control bg-gray-1 shadow-0\" aria-required=\"true\" aria-invalid=\"false\" placeholder=\"Certificaciones\" value=\"\" type=\"text\" name=\"text-290\" \/><\/span><\/label>\n\t\t\t<\/p>\n\t\t<\/div>\n\t<\/div>\n\t<div class=\"row\">\n\t\t<div class=\"col-md-6\">\n\t\t\t<p><label class=\"w-100\"><span class=\"wpcf7-form-control-wrap\" data-name=\"text-660\"><input size=\"40\" maxlength=\"400\" class=\"wpcf7-form-control wpcf7-text pix-my-5 form-control bg-gray-1 shadow-0\" aria-invalid=\"false\" placeholder=\"Puesto Deseado\" value=\"\" type=\"text\" name=\"text-660\" \/><\/span><\/label>\n\t\t\t<\/p>\n\t\t<\/div>\n\t\t<div class=\"col-md-6\">\n\t\t\t<p><label class=\"w-100\"> <span class=\"wpcf7-form-control-wrap\" data-name=\"number-246\"><input class=\"wpcf7-form-control wpcf7-number wpcf7-validates-as-required wpcf7-validates-as-number pix-my-5 form-control bg-gray-1 shadow-0\" aria-required=\"true\" aria-invalid=\"false\" placeholder=\"Salario Deseado\" value=\"\" type=\"number\" name=\"number-246\" \/><\/span><\/label>\n\t\t\t<\/p>\n\t\t<\/div>\n\t<\/div>\n\t<div class=\"row\">\n\t\t<div class=\"col-md-12\">\n\t\t\t<p><label class=\"w-100\"><span class=\"wpcf7-form-control-wrap\" data-name=\"text-292\"><input size=\"40\" maxlength=\"400\" class=\"wpcf7-form-control wpcf7-text wpcf7-validates-as-required pix-my-5 form-control bg-gray-1 shadow-0\" aria-required=\"true\" aria-invalid=\"false\" placeholder=\"Comentarios\" value=\"\" type=\"text\" name=\"text-292\" \/><\/span><\/label>\n\t\t\t<\/p>\n\t\t<\/div>\n\t<\/div>\n\t<p><input class=\"wpcf7-form-control wpcf7-submit has-spinner btn mb-2 text-white btn-primary d-inline-block pix-hover-item btn-rounded btn-normal pix-waiting pix-animate animated w-100\" type=\"submit\" value=\"Enviar\" \/>\n\t<\/p>\n<\/div><\/div><div class=\"wpcf7-response-output\" aria-hidden=\"true\"><\/div>\n<input type=\"hidden\" name=\"trp-form-language\" value=\"en\"\/><\/form>\n<\/div>\n<\/div><\/div><\/div><\/div><\/div><\/div><\/section><div class=\"vc_row-full-width vc_clearfix\"><\/div><\/section>","protected":false},"excerpt":{"rendered":"Integrate&#32; a&#32; nuestro&#32; equipo&#32; de&#32; profesionales&#32; \u00bfPor qu\u00e9 trabajar en Overtek?Somos una empresa certificada Microsoft fundada por especialistas en el \u00e1rea de Tecnolog\u00edas de la Informaci\u00f3n con m\u00e1s de 15 a\u00f1os de experiencia. Nuestra filosof\u00eda de mejora continua; el conocimiento,...","protected":false},"author":1,"featured_media":0,"parent":0,"menu_order":0,"comment_status":"closed","ping_status":"closed","template":"","meta":{"footnotes":""},"class_list":["post-33718","page","type-page","status-publish","hentry"],"_links":{"self":[{"href":"https:\/\/overtek.mx\/en\/wp-json\/wp\/v2\/pages\/33718","targetHints":{"allow":["GET"]}}],"collection":[{"href":"https:\/\/overtek.mx\/en\/wp-json\/wp\/v2\/pages"}],"about":[{"href":"https:\/\/overtek.mx\/en\/wp-json\/wp\/v2\/types\/page"}],"author":[{"embeddable":true,"href":"https:\/\/overtek.mx\/en\/wp-json\/wp\/v2\/users\/1"}],"replies":[{"embeddable":true,"href":"https:\/\/overtek.mx\/en\/wp-json\/wp\/v2\/comments?post=33718"}],"version-history":[{"count":5,"href":"https:\/\/overtek.mx\/en\/wp-json\/wp\/v2\/pages\/33718\/revisions"}],"predecessor-version":[{"id":33726,"href":"https:\/\/overtek.mx\/en\/wp-json\/wp\/v2\/pages\/33718\/revisions\/33726"}],"wp:attachment":[{"href":"https:\/\/overtek.mx\/en\/wp-json\/wp\/v2\/media?parent=33718"}],"curies":[{"name":"wp","href":"https:\/\/api.w.org\/{rel}","templated":true}]}}