{"id":33671,"date":"2025-06-10T23:14:22","date_gmt":"2025-06-10T23:14:22","guid":{"rendered":"https:\/\/overtek.mx\/?page_id=33671"},"modified":"2025-09-05T21:43:07","modified_gmt":"2025-09-05T21:43:07","slug":"redes","status":"publish","type":"page","link":"https:\/\/overtek.mx\/en\/redes\/","title":{"rendered":"Redes"},"content":{"rendered":"<section class=\"wpb-content-wrapper\"><section data-vc-full-width=\"true\" data-vc-full-width-init=\"false\" class=\"vc_section vc_section_visible custom-responsive-42916657 vc_custom_1749660234559 vc_section-has-fill\" data-section-name=\"\"><div class=\"pix_element_overlay  bg-heading-default\" style=\"pointer-events:none;;position:absolute;width:100%;height:100%;top:0;left:0;opacity:0.8;\"><\/div><div data-vc-full-width=\"true\" data-vc-full-width-init=\"false\" class=\"vc_row wpb_row vc_row-fluid vc_row_visible custom-responsive-138765819 vc_row-o-content-middle vc_row-flex\"><div class=\"wpb_column vc_column_container vc_col-sm-12 text-left\"><div class=\"vc_column-inner  vc_custom_1604715604745\"><div class=\"wpb_wrapper\"><div id=\"el1749249152455-266a72b7-6123\" class=\"mb-3 text-center  vc_custom_1749596642109\"><h1 class=\"mb-32 pix-sliding-headline-2 animate-in font-weight-bold secondary-font\" data-anim-type=\"pix-sliding-text\" pix-anim-delay=\"500\" data-class=\"secondary-font text-white\" style=\"\"><span class=\"slide-in-container\"><span class=\"pix-sliding-item secondary-font text-white\" style=\"transition-delay: 0ms;\">Redes&#32;<\/span><\/span> <\/h1><\/div><\/div><\/div><\/div><\/div><div class=\"vc_row-full-width vc_clearfix\"><\/div><\/section><div class=\"vc_row-full-width vc_clearfix\"><\/div><section data-vc-full-width=\"true\" data-vc-full-width-init=\"false\" class=\"vc_section vc_section_visible vc_custom_1749583851110 vc_section-has-fill\" data-section-name=\"\"><div class=\"vc_row wpb_row vc_row-fluid vc_row_visible vc_row-o-content-middle vc_row-flex\"><div class=\"wpb_column vc_column_container vc_col-sm-6 text-left\"><div class=\"vc_column-inner\"><div class=\"wpb_wrapper\"><div id=\"el1757107837359-ecb4aa71-87a5\" class=\"pix-el-text   w-100   vc_custom_1757107992555\" ><p class=\"\"><h2><strong>Redes Solidas <span style=\"color: #6f0c2f;\">Overtek<\/span><\/strong><\/h2>\n<\/p><\/div><div id=\"el1757107945902-fc60ef9d-d694\" class=\"pix-el-text   w-100   vc_custom_1757107874325\" ><p class=\"\"><p><span style=\"font-weight: 400;\">En Overtek dise\u00f1amos, <span style=\"color: #041424;\"><strong>implementamos y optimizamos infraestructuras de red<\/strong><\/span> que aseguran <span style=\"color: #041424;\"><strong>conectividad confiable, segura y escalable para tu organizaci\u00f3n.<\/strong><\/span> Nuestro objetivo es que tu red no solo funcione, sino que impulse la productividad y el crecimiento de tu negocio.<\/span><\/p>\n<h5><span style=\"color: #041424;\"><strong>\u00bfQu\u00e9 ofrecemos?<\/strong><\/span><\/h5>\n<\/p><\/div><div class=\"vc_row wpb_row vc_inner vc_row-fluid\"><div class=\"wpb_column vc_column_container vc_col-sm-6 text-left\"><div class=\"vc_column-inner\"><div class=\"wpb_wrapper\"><div id=\"1749582136055-19889b5c-1de3\" class=\"pix-feature-el  media  vc_custom_1757107571302\"><div class=\"mr-3 feature_img animate-in\" data-anim-type=\"fade-in\" data-anim-delay=\"100\" style=\"position:relative;text-align:center;\"><i style=\"display:inline-block;font-size:38px;min-width:38px;line-height:38px;\" class=\"text-red align-middle pixicon-fork\"><\/i><\/div><div class=\"media-body text-left\"><h6 class=\"font-weight-bold  secondary-font text-heading-default animate-in\" style=\"\" data-anim-type=\"fade-in\" data-anim-delay=\"200\">Dise\u00f1o y cableado estructurado<\/h6><div class=\"text-body-default      animate-in\" style=\"padding-top:10px;\" data-anim-type=\"fade-in\" data-anim-delay=\"300\">Planeaci\u00f3n profesional de redes LAN, WLAN y cableado certificado para garantizar rendimiento y durabilidad.<\/div><\/div><\/div><\/div><\/div><\/div><div class=\"wpb_column vc_column_container vc_col-sm-6 text-left\"><div class=\"vc_column-inner\"><div class=\"wpb_wrapper\"><div id=\"1749582158689-cea1bf0b-6d00\" class=\"pix-feature-el  media  vc_custom_1757107585542\"><div class=\"mr-3 feature_img animate-in\" data-anim-type=\"fade-in\" data-anim-delay=\"100\" style=\"position:relative;text-align:center;\"><i style=\"display:inline-block;font-size:38px;min-width:38px;line-height:38px;\" class=\"text-red align-middle pixicon-lock-1\"><\/i><\/div><div class=\"media-body text-left\"><h6 class=\"font-weight-bold  secondary-font text-heading-default animate-in\" style=\"\" data-anim-type=\"fade-in\" data-anim-delay=\"200\">Switching y Routing<\/h6><div class=\"text-body-default      animate-in\" style=\"padding-top:10px;\" data-anim-type=\"fade-in\" data-anim-delay=\"300\">Configuraci\u00f3n de equipos de fabricantes l\u00edderes (Cisco, Ubiquiti, MikroTik,etc.) con segmentaci\u00f3n segura y alta disponibilidad.<\/div><\/div><\/div><\/div><\/div><\/div><\/div><div class=\"vc_row wpb_row vc_inner vc_row-fluid\"><div class=\"wpb_column vc_column_container vc_col-sm-6 text-left\"><div class=\"vc_column-inner\"><div class=\"wpb_wrapper\"><div id=\"1603923660157-2ebe82ac-10e7\" class=\"pix-feature-el  media  vc_custom_1757107602440\"><div class=\"mr-3 feature_img animate-in\" data-anim-type=\"fade-in\" data-anim-delay=\"100\" style=\"position:relative;text-align:center;\"><i style=\"display:inline-block;font-size:38px;min-width:38px;line-height:38px;\" class=\"text-red align-middle pixicon-network-1\"><\/i><\/div><div class=\"media-body text-left\"><h6 class=\"font-weight-bold  secondary-font text-heading-default animate-in\" style=\"\" data-anim-type=\"fade-in\" data-anim-delay=\"200\">Redes Inal\u00e1mbricas<\/h6><div class=\"text-body-default      animate-in\" style=\"padding-top:10px;\" data-anim-type=\"fade-in\" data-anim-delay=\"300\">Implementaci\u00f3n de WiFi administrado, control de invitados y seguridad.<\/div><\/div><\/div><\/div><\/div><\/div><div class=\"wpb_column vc_column_container vc_col-sm-6 text-left\"><div class=\"vc_column-inner\"><div class=\"wpb_wrapper\"><div id=\"1749582116577-82e78640-1c64\" class=\"pix-feature-el  media  vc_custom_1757107614285\"><div class=\"mr-3 feature_img animate-in\" data-anim-type=\"fade-in\" data-anim-delay=\"100\" style=\"position:relative;text-align:center;\"><i style=\"display:inline-block;font-size:38px;min-width:38px;line-height:38px;\" class=\"text-red align-middle pixicon-wifi-3\"><\/i><\/div><div class=\"media-body text-left\"><h6 class=\"font-weight-bold  secondary-font text-heading-default animate-in\" style=\"\" data-anim-type=\"fade-in\" data-anim-delay=\"200\">Seguridad en la Red<\/h6><div class=\"text-body-default      animate-in\" style=\"padding-top:10px;\" data-anim-type=\"fade-in\" data-anim-delay=\"300\">Integraci\u00f3n con firewalls de nueva generaci\u00f3n, segmentaci\u00f3n por VLANs, VPNs y Zero Trust Network Access (ZTNA).<\/div><\/div><\/div><\/div><\/div><\/div><\/div><div id=\"1757107622861-d7d84445-1261\" class=\"pix-feature-el  media  vc_custom_1757107738491\"><div class=\"mr-3 feature_img animate-in\" data-anim-type=\"fade-in\" data-anim-delay=\"100\" style=\"position:relative;text-align:center;\"><i style=\"display:inline-block;font-size:38px;min-width:38px;line-height:38px;\" class=\"text-red align-middle pixicon-reload-time\"><\/i><\/div><div class=\"media-body text-left\"><h6 class=\"font-weight-bold  secondary-font text-heading-default animate-in\" style=\"\" data-anim-type=\"fade-in\" data-anim-delay=\"200\">Monitoreo y Soporte<\/h6><div class=\"text-body-default      animate-in\" style=\"padding-top:10px;\" data-anim-type=\"fade-in\" data-anim-delay=\"300\">Supervisi\u00f3n proactiva con herramientas como Nagios y gesti\u00f3n continua para prevenir incidentes antes de que afecten a tus usuarios.<\/div><\/div><\/div><\/div><\/div><\/div><div class=\"wpb_column vc_column_container vc_col-sm-6 text-left\"><div class=\"vc_column-inner\"><div class=\"wpb_wrapper\">\n\t<div  class=\"wpb_single_image wpb_content_element vc_align_left\">\n\t\t\n\t\t<figure class=\"wpb_wrapper vc_figure\">\n\t\t\t<div class=\"vc_single_image-wrapper   vc_box_border_grey\"><img decoding=\"async\" src=\"https:\/\/overtek.mx\/wp-content\/uploads\/2025\/06\/servicio-de-redes.jpg\" class=\"vc_single_image-img attachment-full\" alt=\"\" title=\"servicio-de-redes\" \/><\/div>\n\t\t<\/figure>\n\t<\/div>\n<\/div><\/div><\/div><\/div><div class=\"vc_row wpb_row vc_row-fluid vc_row_visible vc_custom_1757108222254\"><div class=\"wpb_column vc_column_container vc_col-sm-12 text-center\"><div class=\"vc_column-inner\"><div class=\"wpb_wrapper\"><div id=\"el1757108088620-9bfaff9f-f08f\" class=\"pix-el-text   w-100   vc_custom_1757108116086\" ><p class=\"\"><h2 style=\"text-align: center;\"><strong>Beneficios para tu <span style=\"color: #6f0c2f;\">organizaci\u00f3n<\/span><\/strong><\/h2>\n<\/p><\/div><\/div><\/div><\/div><\/div><div class=\"vc_row wpb_row vc_row-fluid vc_row_visible\"><div class=\"wpb_column vc_column_container vc_col-sm-3 text-left\"><div class=\"vc_column-inner\"><div class=\"wpb_wrapper\"><div id=\"1644712433824-6e158233-d93c\" class=\"pix-feature-el  media  vc_custom_1757108400369\"><div class=\"mr-3 feature_img animate-in\" data-anim-type=\"fade-in-up\" data-anim-delay=\"200\" style=\"position:relative;text-align:center;\"><i style=\"display:inline-block;font-size:36px;min-width:36px;line-height:36px;\" class=\"text-red align-middle pixicon-signal-1\"><\/i><\/div><div class=\"media-body text-left\"><h6 class=\"font-weight-bold  secondary-font text-heading-default animate-in\" style=\"padding-top:0px;\" data-anim-type=\"fade-in-up\" data-anim-delay=\"300\">Conectividad estable y sin interrupciones<\/h6><div class=\"text-text-gray      animate-in\" style=\"padding-top:10px;\" data-anim-type=\"fade-in-up\" data-anim-delay=\"400\"><\/div><\/div><\/div><\/div><\/div><\/div><div class=\"wpb_column vc_column_container vc_col-sm-3 text-left\"><div class=\"vc_column-inner\"><div class=\"wpb_wrapper\"><div id=\"1644712433998-7913e876-29ae\" class=\"pix-feature-el  media  vc_custom_1757108433738\"><div class=\"mr-3 feature_img animate-in\" data-anim-type=\"fade-in-up\" data-anim-delay=\"400\" style=\"position:relative;text-align:center;\"><i style=\"display:inline-block;font-size:36px;min-width:36px;line-height:36px;\" class=\"text-red align-middle pixicon-bar-chart-5\"><\/i><\/div><div class=\"media-body text-left\"><h6 class=\"font-weight-bold  secondary-font text-heading-default animate-in\" style=\"padding-top:0px;\" data-anim-type=\"fade-in-up\" data-anim-delay=\"500\">Escalabilidad para acompa\u00f1ar el crecimiento de tu empresa<\/h6><div class=\"text-text-gray      animate-in\" style=\"padding-top:10px;\" data-anim-type=\"fade-in-up\" data-anim-delay=\"600\"><\/div><\/div><\/div><\/div><\/div><\/div><div class=\"wpb_column vc_column_container vc_col-sm-3 text-left\"><div class=\"vc_column-inner\"><div class=\"wpb_wrapper\"><div id=\"1757108199067-bb30e5c5-bc36\" class=\"pix-feature-el  media  vc_custom_1757108448538\"><div class=\"mr-3 feature_img animate-in\" data-anim-type=\"fade-in-up\" data-anim-delay=\"600\" style=\"position:relative;text-align:center;\"><i style=\"display:inline-block;font-size:36px;min-width:36px;line-height:36px;\" class=\"text-red align-middle pixicon-basket-money\"><\/i><\/div><div class=\"media-body text-left\"><h6 class=\"font-weight-bold  secondary-font text-heading-default animate-in\" style=\"padding-top:0px;\" data-anim-type=\"fade-in-up\" data-anim-delay=\"700\">Reducci\u00f3n de costos operativos mediante un dise\u00f1o optimizado<\/h6><div class=\"text-text-gray      animate-in\" style=\"padding-top:10px;\" data-anim-type=\"fade-in-up\" data-anim-delay=\"800\"><\/div><\/div><\/div><\/div><\/div><\/div><div class=\"wpb_column vc_column_container vc_col-sm-3 text-left\"><div class=\"vc_column-inner\"><div class=\"wpb_wrapper\"><div id=\"1644712434176-4570887d-b1f1\" class=\"pix-feature-el  media  vc_custom_1757108545488\"><div class=\"mr-3 feature_img animate-in\" data-anim-type=\"fade-in-up\" data-anim-delay=\"600\" style=\"position:relative;text-align:center;\"><i style=\"display:inline-block;font-size:36px;min-width:36px;line-height:36px;\" class=\"text-red align-middle pixicon-support-2\"><\/i><\/div><div class=\"media-body text-left\"><h6 class=\"font-weight-bold  secondary-font text-heading-default animate-in\" style=\"padding-top:0px;\" data-anim-type=\"fade-in-up\" data-anim-delay=\"700\">Soporte especializado con respuesta \u00e1gil<\/h6><div class=\"text-text-gray      animate-in\" style=\"padding-top:10px;\" data-anim-type=\"fade-in-up\" data-anim-delay=\"800\"><\/div><\/div><\/div><\/div><\/div><\/div><\/div><div class=\"vc_row wpb_row vc_row-fluid vc_row_visible vc_custom_1757108244793\"><div class=\"wpb_column vc_column_container vc_col-sm-4 text-left\"><div class=\"vc_column-inner\"><div class=\"wpb_wrapper\"><\/div><\/div><\/div><div class=\"wpb_column vc_column_container vc_col-sm-4 text-left\"><div class=\"vc_column-inner\"><div class=\"wpb_wrapper\"><a  href=\"https:\/\/overtek.mx\/en\/contacto\/\" class=\"btn mb-2     shadow-sm text-white btn-red d-inline-block pix-hover-item      btn-rounded animate-in btn-md\"   data-anim-type=\"fade-in-left\" data-anim-delay=\"800\" ><i class=\"font-weight-bold pixicon-angle-right  pix-hover-left  mr-1\"><\/i> <span class=\"font-weight-bold\" >Cont\u00e1ctanos para m\u00e1s informaci\u00f3n<\/span><\/a><\/div><\/div><\/div><div class=\"wpb_column vc_column_container vc_col-sm-4 text-left\"><div class=\"vc_column-inner\"><div class=\"wpb_wrapper\"><\/div><\/div><\/div><\/div><\/section><div class=\"vc_row-full-width vc_clearfix\"><\/div><section data-vc-full-width=\"true\" data-vc-full-width-init=\"false\" class=\"vc_section vc_section_visible vc_custom_1749582901143\" data-section-name=\"\"><div class=\"pix_element_overlay  bg-heading-default\" style=\"pointer-events:none;;position:absolute;width:100%;height:100%;top:0;left:0;opacity:1;\"><\/div><div class=\"vc_row wpb_row vc_row-fluid vc_row_visible vc_custom_1588696441129 vc_row-o-content-middle vc_row-flex\"><div class=\"wpb_column vc_column_container vc_col-sm-12 text-left\"><div class=\"vc_column-inner\"><div class=\"wpb_wrapper\"><div id=\"el1749582736252-d21b942c-7015\" class=\"pix-highlighted-element text-center  vc_custom_1749597482980\"><h2 class=\"pix-highlighted-items\" style=\"\" data-anim-type=\"\" data-anim-delay=\"0\"><span id=\"el1749582736252-d21b942c-7015-0\" class=\"\"><span class=\"pix-highlighted-text pix-highlight-item font-weight-normal  font-weight-bold heading-font text-white\">Redes<\/span><\/span><\/h2><\/div><\/div><\/div><\/div><\/div><div class=\"vc_row wpb_row vc_row-fluid vc_row_visible\"><div class=\"wpb_column vc_column_container vc_col-sm-6 text-left\"><div class=\"vc_column-inner\"><div class=\"wpb_wrapper\"><div class=\"pix-content-box card      vc_custom_1749584465392    rounded-xl shadow-sm shadow-hover-sm fly-sm animate-in bg- w-100\"  data-anim-type=\"fade-in-up\" data-anim-delay=\"200\"><div class=\"\" style=\"z-index:30;position:relative;\"><div id=\"1749597535835-6bc61497-07b4\" class=\"pix-feature-el text-left\"><div class=\"feature_img animate-in\" data-anim-type=\"fade-in-up\" data-anim-delay=\"400\" style=\"width:100px;height:auto;display:inline-block;position:relative;\"><img decoding=\"async\" style=\"width:100px;height:100px;\" class=\"img-fluid2 pix-fit-cover2 pix-fit-contain\" src=\"https:\/\/overtek.mx\/wp-content\/uploads\/2025\/06\/system-center-icon.png\" alt=\"System Center\"><\/div><h4 class=\"font-weight-bold  secondary-font text-white animate-in\" style=\"padding-top:20px;\" data-anim-type=\"fade-in-up\" data-anim-delay=\"500\">System Center<\/h4><div class=\"text-white      animate-in\" style=\"padding-top:10px;\" data-anim-type=\"fade-in-up\" data-anim-delay=\"600\">Disfrute de una experiencia de administraci\u00f3n de centros de datos unificada, con funciones de supervisi\u00f3n, aprovisionamiento, configuraci\u00f3n, automatizaci\u00f3n, protecci\u00f3n y autoservicio listas para utilizar.<\/div><\/div><\/div><\/div><\/div><\/div><\/div><div class=\"wpb_column vc_column_container vc_col-sm-6 text-left\"><div class=\"vc_column-inner\"><div class=\"wpb_wrapper\"><div class=\"pix-content-box card      vc_custom_1749584465392    rounded-xl shadow-sm shadow-hover-sm fly-sm animate-in bg- w-100\"  data-anim-type=\"fade-in-up\" data-anim-delay=\"200\"><div class=\"\" style=\"z-index:30;position:relative;\"><div id=\"1749584158899-699c5f96-1b31\" class=\"pix-feature-el text-left\"><div class=\"feature_img animate-in\" data-anim-type=\"fade-in-up\" data-anim-delay=\"400\" style=\"width:100px;height:auto;display:inline-block;position:relative;\"><img decoding=\"async\" style=\"width:100px;height:100px;\" class=\"img-fluid2 pix-fit-cover2 pix-fit-contain\" src=\"https:\/\/overtek.mx\/wp-content\/uploads\/2025\/06\/asterisk-icon.png\" alt=\"Asterisk\"><\/div><h4 class=\"font-weight-bold  secondary-font text-white animate-in\" style=\"padding-top:20px;\" data-anim-type=\"fade-in-up\" data-anim-delay=\"500\">Asterisk<\/h4><div class=\"text-white      animate-in\" style=\"padding-top:10px;\" data-anim-type=\"fade-in-up\" data-anim-delay=\"600\">Asterisk es un Framework de c\u00f3digo abierto para construir aplicaciones de comunicaci\u00f3n. Asterisk convierte una computadora en un servidor de comunicaciones y soporta IP PBX systems, VoIP gateways, servidores de conferencias, entre otros.<\/div><\/div><\/div><\/div><\/div><\/div><\/div><\/div><div class=\"vc_row wpb_row vc_row-fluid vc_row_visible\"><div class=\"wpb_column vc_column_container vc_col-sm-6 text-left\"><div class=\"vc_column-inner\"><div class=\"wpb_wrapper\"><div class=\"pix-content-box card      vc_custom_1749584465392    rounded-xl shadow-sm shadow-hover-sm fly-sm animate-in bg- w-100\"  data-anim-type=\"fade-in-up\" data-anim-delay=\"200\"><div class=\"\" style=\"z-index:30;position:relative;\"><div id=\"1749597641368-2ce06642-da1f\" class=\"pix-feature-el text-left\"><div class=\"feature_img animate-in\" data-anim-type=\"fade-in-up\" data-anim-delay=\"400\" style=\"width:100px;height:auto;display:inline-block;position:relative;\"><img decoding=\"async\" style=\"width:100px;height:100px;\" class=\"img-fluid2 pix-fit-cover2 pix-fit-contain\" src=\"https:\/\/overtek.mx\/wp-content\/uploads\/2025\/06\/nagios-icon.png\" alt=\"Nagios\"><\/div><h4 class=\"font-weight-bold  secondary-font text-white animate-in\" style=\"padding-top:20px;\" data-anim-type=\"fade-in-up\" data-anim-delay=\"500\">Nagios<\/h4><div class=\"text-white      animate-in\" style=\"padding-top:10px;\" data-anim-type=\"fade-in-up\" data-anim-delay=\"600\">Monitoree de forma completa servidores, redes y aplicaciones en entornos Windows o Linux. Reciba alertas en tiempo real ante cualquier evento y mantenga su infraestructura bajo control.<\/div><\/div><\/div><\/div><\/div><\/div><\/div><div class=\"wpb_column vc_column_container vc_col-sm-6 text-left\"><div class=\"vc_column-inner\"><div class=\"wpb_wrapper\"><div class=\"pix-content-box card      vc_custom_1749584465392    rounded-xl shadow-sm shadow-hover-sm fly-sm animate-in bg- w-100\"  data-anim-type=\"fade-in-up\" data-anim-delay=\"200\"><div class=\"\" style=\"z-index:30;position:relative;\"><div id=\"1749597641499-e1dfa179-41f5\" class=\"pix-feature-el text-left\"><div class=\"feature_img animate-in\" data-anim-type=\"fade-in-up\" data-anim-delay=\"400\" style=\"width:100px;height:auto;display:inline-block;position:relative;\"><img decoding=\"async\" style=\"width:100px;height:100px;\" class=\"img-fluid2 pix-fit-cover2 pix-fit-contain\" src=\"https:\/\/overtek.mx\/wp-content\/uploads\/2025\/06\/red-nas-icon.png\" alt=\"Almacenaminto en Red (NAS)\"><\/div><h4 class=\"font-weight-bold  secondary-font text-white animate-in\" style=\"padding-top:20px;\" data-anim-type=\"fade-in-up\" data-anim-delay=\"500\">Almacenaminto en Red (NAS)<\/h4><div class=\"text-white      animate-in\" style=\"padding-top:10px;\" data-anim-type=\"fade-in-up\" data-anim-delay=\"600\">Acceda a sus datos desde un punto centralizado, seguro y disponible para usuarios autorizados. NAS ofrece flexibilidad y expansi\u00f3n para su empresa.<\/div><\/div><\/div><\/div><\/div><\/div><\/div><\/div><\/section><div class=\"vc_row-full-width vc_clearfix\"><\/div><section data-vc-full-width=\"true\" data-vc-full-width-init=\"false\" class=\"vc_section vc_section_visible vc_custom_1592609020892 vc_section-has-fill\" data-section-name=\"\"><div data-vc-full-width=\"true\" data-vc-full-width-init=\"false\" class=\"vc_row wpb_row vc_row-fluid vc_row_visible\"><div class=\"wpb_column vc_column_container vc_col-sm-12 text-center\"><div class=\"vc_column-inner\"><div class=\"wpb_wrapper\"><div id=\"el1749597918141-b3467735-fe13\" class=\"mb-3 text-center  vc_custom_1749598201676\"><div class=\"d-inline-block\" style=\"max-width:800px;\"><h2 class=\"mb-32 pix-sliding-headline-2 animate-in font-weight-bold secondary-font\" data-anim-type=\"pix-sliding-text\" pix-anim-delay=\"500\" data-class=\"secondary-font text-heading-default\" style=\"\"><span class=\"slide-in-container\"><span class=\"pix-sliding-item secondary-font text-heading-default\" style=\"transition-delay: 0ms;\">\u00bfTu&#32;<\/span><\/span> <span class=\"slide-in-container\"><span class=\"pix-sliding-item secondary-font text-heading-default\" style=\"transition-delay: 150ms;\">red&#32;<\/span><\/span> <span class=\"slide-in-container\"><span class=\"pix-sliding-item secondary-font text-heading-default\" style=\"transition-delay: 300ms;\">est\u00e1&#32;<\/span><\/span> <span class=\"slide-in-container\"><span class=\"pix-sliding-item secondary-font text-heading-default\" style=\"transition-delay: 450ms;\">lista&#32;<\/span><\/span> <span class=\"slide-in-container\"><span class=\"pix-sliding-item secondary-font text-heading-default\" style=\"transition-delay: 600ms;\">para&#32;<\/span><\/span> <span class=\"slide-in-container\"><span class=\"pix-sliding-item secondary-font text-heading-default\" style=\"transition-delay: 750ms;\">crecer&#32;<\/span><\/span> <span class=\"slide-in-container\"><span class=\"pix-sliding-item secondary-font text-heading-default\" style=\"transition-delay: 900ms;\">contigo?&#32;<\/span><\/span> <\/h2><\/div><\/div><div class=\"pix-el-text w-100 text-center\" ><div class=\"d-inline-block\" style=\"max-width:600px;\"><p class=\"text-18  text-body-default text-center\" ><span class=\"text-body-default animate-in d-inline-block\" data-anim-delay=\"1000\" data-anim-type=\"fade-in-up\">Haz que tu infraestructura de red sea un aliado, no un obst\u00e1culo. Mejora la velocidad, seguridad y confiabilidad con soluciones dise\u00f1adas para tu negocio.<\/span><\/p><\/div><\/div><a  href=\"https:\/\/overtek.mx\/en\/contacto\/\" class=\"btn mb-2     shadow-sm text-white btn-red d-inline-block pix-hover-item      btn-rounded animate-in btn-md\"   data-anim-type=\"fade-in-left\" data-anim-delay=\"800\" ><i class=\"font-weight-bold pixicon-angle-right  pix-hover-left  mr-1\"><\/i> <span class=\"font-weight-bold\" >Solicita una evaluaci\u00f3n<\/span><\/a><\/div><\/div><\/div><\/div><div class=\"vc_row-full-width vc_clearfix\"><\/div><\/section><div class=\"vc_row-full-width vc_clearfix\"><\/div><\/section>","protected":false},"excerpt":{"rendered":"Redes&#32; Redes Solidas Overtek En Overtek dise\u00f1amos, implementamos y optimizamos infraestructuras de red que aseguran conectividad confiable, segura y escalable para tu organizaci\u00f3n. Nuestro objetivo es que tu red no solo funcione, sino que impulse la productividad y el crecimiento...","protected":false},"author":1,"featured_media":0,"parent":0,"menu_order":0,"comment_status":"closed","ping_status":"closed","template":"","meta":{"footnotes":""},"class_list":["post-33671","page","type-page","status-publish","hentry"],"_links":{"self":[{"href":"https:\/\/overtek.mx\/en\/wp-json\/wp\/v2\/pages\/33671","targetHints":{"allow":["GET"]}}],"collection":[{"href":"https:\/\/overtek.mx\/en\/wp-json\/wp\/v2\/pages"}],"about":[{"href":"https:\/\/overtek.mx\/en\/wp-json\/wp\/v2\/types\/page"}],"author":[{"embeddable":true,"href":"https:\/\/overtek.mx\/en\/wp-json\/wp\/v2\/users\/1"}],"replies":[{"embeddable":true,"href":"https:\/\/overtek.mx\/en\/wp-json\/wp\/v2\/comments?post=33671"}],"version-history":[{"count":16,"href":"https:\/\/overtek.mx\/en\/wp-json\/wp\/v2\/pages\/33671\/revisions"}],"predecessor-version":[{"id":33901,"href":"https:\/\/overtek.mx\/en\/wp-json\/wp\/v2\/pages\/33671\/revisions\/33901"}],"wp:attachment":[{"href":"https:\/\/overtek.mx\/en\/wp-json\/wp\/v2\/media?parent=33671"}],"curies":[{"name":"wp","href":"https:\/\/api.w.org\/{rel}","templated":true}]}}