{"id":33664,"date":"2025-06-10T22:09:30","date_gmt":"2025-06-10T22:09:30","guid":{"rendered":"https:\/\/overtek.mx\/?page_id=33664"},"modified":"2025-08-15T18:22:10","modified_gmt":"2025-08-15T18:22:10","slug":"virtualizacion","status":"publish","type":"page","link":"https:\/\/overtek.mx\/en\/virtualizacion\/","title":{"rendered":"Virtualizaci\u00f3n"},"content":{"rendered":"<section class=\"wpb-content-wrapper\"><section data-vc-full-width=\"true\" data-vc-full-width-init=\"false\" class=\"vc_section vc_section_visible custom-responsive-155737177 vc_custom_1749659804579 vc_section-has-fill\" data-section-name=\"\"><div class=\"pix_element_overlay  bg-heading-default\" style=\"pointer-events:none;;position:absolute;width:100%;height:100%;top:0;left:0;opacity:0.8;\"><\/div><div data-vc-full-width=\"true\" data-vc-full-width-init=\"false\" class=\"vc_row wpb_row vc_row-fluid vc_row_visible custom-responsive-119471164 vc_row-o-content-middle vc_row-flex\"><div class=\"wpb_column vc_column_container vc_col-sm-12 text-left\"><div class=\"vc_column-inner  vc_custom_1604715604745\"><div class=\"wpb_wrapper\"><div id=\"el1749249152455-266a72b7-6123\" class=\"mb-3 text-center  vc_custom_1749593368706\"><h1 class=\"mb-32 pix-sliding-headline-2 animate-in font-weight-bold secondary-font\" data-anim-type=\"pix-sliding-text\" pix-anim-delay=\"500\" data-class=\"secondary-font text-white\" style=\"\"><span class=\"slide-in-container\"><span class=\"pix-sliding-item secondary-font text-white\" style=\"transition-delay: 0ms;\">Virtualizaci\u00f3n&#32;<\/span><\/span> <\/h1><\/div><\/div><\/div><\/div><\/div><div class=\"vc_row-full-width vc_clearfix\"><\/div><\/section><div class=\"vc_row-full-width vc_clearfix\"><\/div><section data-vc-full-width=\"true\" data-vc-full-width-init=\"false\" class=\"vc_section vc_section_visible vc_custom_1749583851110 vc_section-has-fill\" data-section-name=\"\"><div class=\"vc_row wpb_row vc_row-fluid vc_row_visible vc_row-o-content-middle vc_row-flex\"><div class=\"wpb_column vc_column_container vc_col-sm-6 text-left\"><div class=\"vc_column-inner\"><div class=\"wpb_wrapper\"><span class=\"pix-badge-element h6 d-inline-block mr-1 animate-in\" data-anim-type=\"fade-in-up\" data-anim-delay=\"300\"><span class=\"badge font-weight-bold secondary-font badge-pill bg-gray-3  vc_custom_1749596453356\" style=\" \"><span class=\"text-heading-default\" style=\"\">\u00a1Virtualiza, ahorra y crece!<\/span><\/span><\/span><div id=\"el1749574944741-0b4d0c37-8e59\" class=\"pix-highlighted-element text-left  vc_custom_1755281245392\"><h2 class=\"pix-highlighted-items\" style=\"\" data-anim-type=\"\" data-anim-delay=\"0\"><span id=\"el1749574944741-0b4d0c37-8e59-0\" class=\"\"><span class=\"pix-highlighted-text pix-highlight-item font-weight-normal  font-weight-bold heading-font text-heading-default\">Consultor\u00eda en tecnolog\u00edas de virtualizaci\u00f3n<\/span><\/span><\/h2><\/div><div id=\"el1749574997660-ddc73bc3-fa51\" class=\"pix-el-text   w-100\" ><p class=\"\"><p>Maximice el uso de sus recursos al menor costo.<\/p>\n<\/p><\/div><div id=\"1749582136055-19889b5c-1de3\" class=\"pix-feature-el  media  vc_custom_1749593630445\"><div class=\"mr-3 feature_img animate-in\" data-anim-type=\"fade-in\" data-anim-delay=\"100\" style=\"position:relative;text-align:center;\"><i style=\"display:inline-block;font-size:38px;min-width:38px;line-height:38px;\" class=\"text-red align-middle pixicon-check-square-2\"><\/i><\/div><div class=\"media-body text-left\"><h6 class=\"font-weight-bold  secondary-font text-heading-default animate-in\" style=\"\" data-anim-type=\"fade-in\" data-anim-delay=\"200\">Hyper-V<\/h6><div class=\"text-body-default      animate-in\" style=\"padding-top:10px;\" data-anim-type=\"fade-in\" data-anim-delay=\"300\">Hyper-V permite administrar un ambiente virtualizado utilizando tecnolog\u00eda integrada en Windows Server.<\/div><\/div><\/div><div id=\"1749582158689-cea1bf0b-6d00\" class=\"pix-feature-el  media  vc_custom_1755281059658\"><div class=\"mr-3 feature_img animate-in\" data-anim-type=\"fade-in\" data-anim-delay=\"100\" style=\"position:relative;text-align:center;\"><i style=\"display:inline-block;font-size:38px;min-width:38px;line-height:38px;\" class=\"text-red align-middle pixicon-check-square-2\"><\/i><\/div><div class=\"media-body text-left\"><h6 class=\"font-weight-bold  secondary-font text-heading-default animate-in\" style=\"\" data-anim-type=\"fade-in\" data-anim-delay=\"200\">VMware<\/h6><div class=\"text-body-default      animate-in\" style=\"padding-top:10px;\" data-anim-type=\"fade-in\" data-anim-delay=\"300\">L\u00edder en virtualizaci\u00f3n, hace ya m\u00e1s de 25 a\u00f1os fue pionero y revolucion\u00f3 el mercado de la virtualizaci\u00f3n de servidores hoy en d\u00eda sigue siendo la mejor plataforma para ejecutar cualquier aplicaci\u00f3n.<\/div><\/div><\/div><a  href=\"https:\/\/overtek.mx\/en\/contacto\/\" class=\"btn mb-2     shadow-sm text-white btn-red d-inline-block pix-hover-item      btn-rounded animate-in btn-md\"   data-anim-type=\"fade-in-left\" data-anim-delay=\"800\" ><i class=\"font-weight-bold pixicon-angle-right  pix-hover-left  mr-1\"><\/i> <span class=\"font-weight-bold\" >Cont\u00e1ctanos para m\u00e1s informaci\u00f3n<\/span><\/a><\/div><\/div><\/div><div class=\"wpb_column vc_column_container vc_col-sm-6 text-left\"><div class=\"vc_column-inner\"><div class=\"wpb_wrapper\">\n\t<div  class=\"wpb_single_image wpb_content_element vc_align_left\">\n\t\t\n\t\t<figure class=\"wpb_wrapper vc_figure\">\n\t\t\t<div class=\"vc_single_image-wrapper   vc_box_border_grey\"><img loading=\"lazy\" decoding=\"async\" width=\"1080\" height=\"1191\" src=\"https:\/\/overtek.mx\/wp-content\/uploads\/2025\/06\/tecnologia-integrada-en-windows-server.jpg\" class=\"vc_single_image-img attachment-full\" alt=\"\" title=\"tecnologia-integrada-en-windows-server.\" srcset=\"https:\/\/overtek.mx\/wp-content\/uploads\/2025\/06\/tecnologia-integrada-en-windows-server.jpg 1080w, https:\/\/overtek.mx\/wp-content\/uploads\/2025\/06\/tecnologia-integrada-en-windows-server-272x300.jpg 272w, https:\/\/overtek.mx\/wp-content\/uploads\/2025\/06\/tecnologia-integrada-en-windows-server-929x1024.jpg 929w, https:\/\/overtek.mx\/wp-content\/uploads\/2025\/06\/tecnologia-integrada-en-windows-server-768x847.jpg 768w, https:\/\/overtek.mx\/wp-content\/uploads\/2025\/06\/tecnologia-integrada-en-windows-server-11x12.jpg 11w\" sizes=\"auto, (max-width: 1080px) 100vw, 1080px\" \/><\/div>\n\t\t<\/figure>\n\t<\/div>\n<\/div><\/div><\/div><\/div><div data-vc-full-width=\"true\" data-vc-full-width-init=\"false\" class=\"vc_row wpb_row vc_row-fluid vc_row_visible custom-responsive-57921825 vc_custom_1749593700474\"><div class=\"wpb_column vc_column_container vc_col-sm-6 vc_col-md-3 text-left\"><div class=\"vc_column-inner\"><div class=\"wpb_wrapper\"><div class=\"pix-content-box card      vc_custom_1749594717475    rounded-xl shadow shadow-hover-lg fly pix-hover-item pix-dark-hover bg- w-100 overflow-hidden\"   ><div class=\"pix-hover-gradient-primary w-100 h-100 position-absolute d-inline-block\" style=\"z-index:0;top:0;left:0;\"><\/div><div class=\"\" style=\"z-index:30;position:relative;\"><div id=\"1616974489008-123345f8-fa17\" class=\"pix-feature-el text-center  vc_custom_1749594919598\"><div class=\"d-inline-block animate-in\" data-anim-type=\"fade-in-up\" data-anim-delay=\"\" style=\"position:relative;text-align:center;\"><i style=\"display:inline-block;font-size:48px;line-height:48px;\" class=\"text-heading-default align-middle pixicon-money2\"><\/i><\/div><h6 class=\"font-weight-bold  secondary-font text-heading-default animate-in\" style=\"padding-top:30px;\" data-anim-type=\"fade-in-up\" data-anim-delay=\"100\">Costos Innecesarios<\/h6><div class=\"text-body-default text-18     animate-in\" style=\"padding-top:10px;\" data-anim-type=\"fade-in-up\" data-anim-delay=\"200\">La virtualizaci\u00f3n permite aprovechar al m\u00e1ximo los servidores, as\u00ed como reducir la complejidad de la infraestructura.<\/div><\/div><\/div><\/div><\/div><\/div><\/div><div class=\"wpb_column vc_column_container vc_col-sm-6 vc_col-md-3 text-left\"><div class=\"vc_column-inner\"><div class=\"wpb_wrapper\"><div class=\"pix-content-box card      vc_custom_1749594722589    rounded-xl shadow shadow-hover-lg fly pix-hover-item pix-dark-hover bg- w-100 overflow-hidden\"   ><div class=\"pix-hover-gradient-primary w-100 h-100 position-absolute d-inline-block\" style=\"z-index:0;top:0;left:0;\"><\/div><div class=\"\" style=\"z-index:30;position:relative;\"><div id=\"1616974489012-eea7f179-8bc9\" class=\"pix-feature-el text-center  vc_custom_1755281080853\"><div class=\"d-inline-block animate-in\" data-anim-type=\"fade-in-up\" data-anim-delay=\"\" style=\"position:relative;text-align:center;\"><i style=\"display:inline-block;font-size:48px;line-height:48px;\" class=\"text-heading-default align-middle pixicon-note-search\"><\/i><\/div><h6 class=\"font-weight-bold  secondary-font text-heading-default animate-in\" style=\"padding-top:30px;\" data-anim-type=\"fade-in-up\" data-anim-delay=\"100\">Integraci\u00f3n<\/h6><div class=\"text-body-default text-18     animate-in\" style=\"padding-top:10px;\" data-anim-type=\"fade-in-up\" data-anim-delay=\"200\">Alta integraci\u00f3n de los principales fabricantes de hardware y software, hacia las soluciones de virtualizaci\u00f3n de VMWare.<\/div><\/div><\/div><\/div><\/div><\/div><\/div><div class=\"wpb_column vc_column_container vc_col-sm-6 vc_col-md-3 text-left\"><div class=\"vc_column-inner\"><div class=\"wpb_wrapper\"><div class=\"pix-content-box card      vc_custom_1749594728277    rounded-xl shadow shadow-hover-lg fly pix-hover-item pix-dark-hover bg- w-100 overflow-hidden\"   ><div class=\"pix-hover-gradient-primary w-100 h-100 position-absolute d-inline-block\" style=\"z-index:0;top:0;left:0;\"><\/div><div class=\"\" style=\"z-index:30;position:relative;\"><div id=\"1616974489016-05e42d70-625f\" class=\"pix-feature-el text-center  vc_custom_1749595146561\"><div class=\"d-inline-block animate-in\" data-anim-type=\"fade-in-up\" data-anim-delay=\"\" style=\"position:relative;text-align:center;\"><i style=\"display:inline-block;font-size:48px;line-height:48px;\" class=\"text-heading-default align-middle pixicon-star-4\"><\/i><\/div><h6 class=\"font-weight-bold  secondary-font text-heading-default animate-in\" style=\"padding-top:30px;\" data-anim-type=\"fade-in-up\" data-anim-delay=\"100\">Minimiza interrupciones<\/h6><div class=\"text-body-default text-18     animate-in\" style=\"padding-top:10px;\" data-anim-type=\"fade-in-up\" data-anim-delay=\"200\">Las virtualizaciones ayudan a minimizar las interrupciones programadas y las imprevistas.<\/div><\/div><\/div><\/div><\/div><\/div><\/div><div class=\"wpb_column vc_column_container vc_col-sm-6 vc_col-md-3 text-left\"><div class=\"vc_column-inner\"><div class=\"wpb_wrapper\"><div class=\"pix-content-box card      vc_custom_1749594735111    rounded-xl shadow shadow-hover fly pix-hover-item pix-dark-hover bg- w-100 overflow-hidden\"   ><div class=\"pix-hover-gradient-primary w-100 h-100 position-absolute d-inline-block\" style=\"z-index:0;top:0;left:0;\"><\/div><div class=\"\" style=\"z-index:30;position:relative;\"><div id=\"1616974489020-6c412d72-a64b\" class=\"pix-feature-el text-center  vc_custom_1749595314390\"><div class=\"d-inline-block animate-in\" data-anim-type=\"fade-in-up\" data-anim-delay=\"\" style=\"position:relative;text-align:center;\"><i style=\"display:inline-block;font-size:48px;line-height:48px;\" class=\"text-heading-default align-middle pixicon-world-map-2\"><\/i><\/div><h6 class=\"font-weight-bold  secondary-font text-heading-default animate-in\" style=\"padding-top:30px;\" data-anim-type=\"fade-in-up\" data-anim-delay=\"100\">Las mejores plataformas<\/h6><div class=\"text-body-default text-18     animate-in\" style=\"padding-top:10px;\" data-anim-type=\"fade-in-up\" data-anim-delay=\"200\">Mejore el rendimiento de su infraestructura a trav\u00e9s de virtualizaciones con Hyper-V y VMware.<\/div><\/div><\/div><\/div><\/div><\/div><\/div><\/div><div class=\"vc_row-full-width vc_clearfix\"><\/div><div class=\"vc_row wpb_row vc_row-fluid vc_row_visible\"><div class=\"wpb_column vc_column_container vc_col-sm-4 text-left\"><div class=\"vc_column-inner\"><div class=\"wpb_wrapper\"><\/div><\/div><\/div><div class=\"wpb_column vc_column_container vc_col-sm-4 text-left\"><div class=\"vc_column-inner\"><div class=\"wpb_wrapper\"><a  href=\"https:\/\/overtek.mx\/en\/contacto\/\" class=\"btn mb-2     shadow-sm text-white btn-red d-inline-block pix-hover-item      btn-rounded animate-in btn-md\"   data-anim-type=\"fade-in-left\" data-anim-delay=\"800\" ><i class=\"font-weight-bold pixicon-angle-right  pix-hover-left  mr-1\"><\/i> <span class=\"font-weight-bold\" >Cont\u00e1ctanos para m\u00e1s informaci\u00f3n<\/span><\/a><\/div><\/div><\/div><div class=\"wpb_column vc_column_container vc_col-sm-4 text-left\"><div class=\"vc_column-inner\"><div class=\"wpb_wrapper\"><\/div><\/div><\/div><\/div><\/section><div class=\"vc_row-full-width vc_clearfix\"><\/div><section data-vc-full-width=\"true\" data-vc-full-width-init=\"false\" class=\"vc_section vc_section_visible vc_custom_1755281710642 vc_section-has-fill\" data-section-name=\"\"><div class=\"vc_row wpb_row vc_row-fluid vc_row_visible\"><div class=\"wpb_column vc_column_container vc_col-sm-12 text-left\"><div class=\"vc_column-inner\"><div class=\"wpb_wrapper\"><div class=\"card  overflow-hidden row no-gutters flex-column flex-md-row flex-md-row-reverse   vc_custom_1755282081667 shadow-lg  animate-in\" data-anim-delay=\"0\" data-anim-type=\"fade-in-up\"><div class=\"card-body d-flex2 align-content-between flex-wrap col-md-6 p-lg-5 p-md-5 p-4\"><div id=\"el1755281340958-84af432b-5033\" class=\"pix-el-text   w-100\" ><p class=\"\"><h3><b>Consultor\u00eda en tecnolog\u00edas de virtualizaci\u00f3n<\/b><\/h3>\n<\/p><\/div><div id=\"el1755281547038-b1ce6368-e18f\" class=\"pix-el-text   w-100   vc_custom_1755281734222\" ><p class=\"\"><p><span style=\"color: #041424;\"><b>Impulsa la eficiencia y resiliencia de tu infraestructura con soluciones de virtualizaci\u00f3n a la medida. <\/b><\/span><span style=\"font-weight: 400;\">Ofrecemos consultor\u00eda especializada en tecnolog\u00edas como\u00a0<\/span><span style=\"color: #041424;\"><b>VMware<\/b><span style=\"font-weight: 400;\">\u00a0y\u00a0<\/span><b>Hyper-V<\/b><\/span><span style=\"font-weight: 400;\">, ayud\u00e1ndote a:<\/span><\/p>\n<\/p><\/div><div id=\"duo-icon-34609968\" class=\"slide-in-container w-100\" ><div class=\"py-2 animate-in\" data-anim-type=\"fade-in-up\" data-anim-delay=\"0\"><div class=\"pix-feature-list text-18  font-weight-bold     py-2 d-flex align-items-center\" ><div class=\"pix-mr-10 text-red\" style=\"width:1.5em;min-width:1.5em;height:1.5em;min-width:1.5em;position:relative;line-height:1em;text-align:center;\"><svg width=\"100%\" height=\"100%\" viewbox=\"0 0 24 24\" version=\"1.1\" xmlns=\"http:\/\/www.w3.org\/2000\/svg\" xmlns:xlink=\"http:\/\/www.w3.org\/1999\/xlink\"> <defs><\/defs> <g stroke=\"none\" stroke-width=\"1\" fill=\"none\" fill-rule=\"evenodd\"> <circle fill=\"#000000\" opacity=\"0.3\" cx=\"12\" cy=\"12\" r=\"10\"><\/circle> <path d=\"M16.7689447,7.81768175 C17.1457787,7.41393107 17.7785676,7.39211077 18.1823183,7.76894473 C18.5860689,8.1457787 18.6078892,8.77856757 18.2310553,9.18231825 L11.2310553,16.6823183 C10.8654446,17.0740439 10.2560456,17.107974 9.84920863,16.7592566 L6.34920863,13.7592566 C5.92988278,13.3998345 5.88132125,12.7685345 6.2407434,12.3492086 C6.60016555,11.9298828 7.23146553,11.8813212 7.65079137,12.2407434 L10.4229928,14.616916 L16.7689447,7.81768175 Z\" fill=\"#000000\" fill-rule=\"nonzero\"><\/path> <\/g> <\/svg><\/div><span class=\"text-heading-default\">Implementar entornos virtuales desde cero, alineados con tus objetivos de negocio.<\/span><\/div><div class=\"pix-feature-list text-18  font-weight-bold     py-2 d-flex align-items-center\" ><div class=\"pix-mr-10 text-red\" style=\"width:1.5em;min-width:1.5em;height:1.5em;min-width:1.5em;position:relative;line-height:1em;text-align:center;\"><svg width=\"100%\" height=\"100%\" viewbox=\"0 0 24 24\" version=\"1.1\" xmlns=\"http:\/\/www.w3.org\/2000\/svg\" xmlns:xlink=\"http:\/\/www.w3.org\/1999\/xlink\"> <defs><\/defs> <g stroke=\"none\" stroke-width=\"1\" fill=\"none\" fill-rule=\"evenodd\"> <circle fill=\"#000000\" opacity=\"0.3\" cx=\"12\" cy=\"12\" r=\"10\"><\/circle> <path d=\"M16.7689447,7.81768175 C17.1457787,7.41393107 17.7785676,7.39211077 18.1823183,7.76894473 C18.5860689,8.1457787 18.6078892,8.77856757 18.2310553,9.18231825 L11.2310553,16.6823183 C10.8654446,17.0740439 10.2560456,17.107974 9.84920863,16.7592566 L6.34920863,13.7592566 C5.92988278,13.3998345 5.88132125,12.7685345 6.2407434,12.3492086 C6.60016555,11.9298828 7.23146553,11.8813212 7.65079137,12.2407434 L10.4229928,14.616916 L16.7689447,7.81768175 Z\" fill=\"#000000\" fill-rule=\"nonzero\"><\/path> <\/g> <\/svg><\/div><span class=\"text-heading-default\">Clusterizar y asegurar alta disponibilidad, garantizando continuidad operativa.<\/span><\/div><div class=\"pix-feature-list text-18  font-weight-bold     py-2 d-flex align-items-center\" ><div class=\"pix-mr-10 text-red\" style=\"width:1.5em;min-width:1.5em;height:1.5em;min-width:1.5em;position:relative;line-height:1em;text-align:center;\"><svg width=\"100%\" height=\"100%\" viewbox=\"0 0 24 24\" version=\"1.1\" xmlns=\"http:\/\/www.w3.org\/2000\/svg\" xmlns:xlink=\"http:\/\/www.w3.org\/1999\/xlink\"> <defs><\/defs> <g stroke=\"none\" stroke-width=\"1\" fill=\"none\" fill-rule=\"evenodd\"> <circle fill=\"#000000\" opacity=\"0.3\" cx=\"12\" cy=\"12\" r=\"10\"><\/circle> <path d=\"M16.7689447,7.81768175 C17.1457787,7.41393107 17.7785676,7.39211077 18.1823183,7.76894473 C18.5860689,8.1457787 18.6078892,8.77856757 18.2310553,9.18231825 L11.2310553,16.6823183 C10.8654446,17.0740439 10.2560456,17.107974 9.84920863,16.7592566 L6.34920863,13.7592566 C5.92988278,13.3998345 5.88132125,12.7685345 6.2407434,12.3492086 C6.60016555,11.9298828 7.23146553,11.8813212 7.65079137,12.2407434 L10.4229928,14.616916 L16.7689447,7.81768175 Z\" fill=\"#000000\" fill-rule=\"nonzero\"><\/path> <\/g> <\/svg><\/div><span class=\"text-heading-default\">Resolver problemas t\u00e9cnicos en entornos virtualizados con rapidez y precisi\u00f3n.<\/span><\/div><div class=\"pix-feature-list text-18  font-weight-bold     py-2 d-flex align-items-center\" ><div class=\"pix-mr-10 text-red\" style=\"width:1.5em;min-width:1.5em;height:1.5em;min-width:1.5em;position:relative;line-height:1em;text-align:center;\"><svg width=\"100%\" height=\"100%\" viewbox=\"0 0 24 24\" version=\"1.1\" xmlns=\"http:\/\/www.w3.org\/2000\/svg\" xmlns:xlink=\"http:\/\/www.w3.org\/1999\/xlink\"> <defs><\/defs> <g stroke=\"none\" stroke-width=\"1\" fill=\"none\" fill-rule=\"evenodd\"> <circle fill=\"#000000\" opacity=\"0.3\" cx=\"12\" cy=\"12\" r=\"10\"><\/circle> <path d=\"M16.7689447,7.81768175 C17.1457787,7.41393107 17.7785676,7.39211077 18.1823183,7.76894473 C18.5860689,8.1457787 18.6078892,8.77856757 18.2310553,9.18231825 L11.2310553,16.6823183 C10.8654446,17.0740439 10.2560456,17.107974 9.84920863,16.7592566 L6.34920863,13.7592566 C5.92988278,13.3998345 5.88132125,12.7685345 6.2407434,12.3492086 C6.60016555,11.9298828 7.23146553,11.8813212 7.65079137,12.2407434 L10.4229928,14.616916 L16.7689447,7.81768175 Z\" fill=\"#000000\" fill-rule=\"nonzero\"><\/path> <\/g> <\/svg><\/div><span class=\"text-heading-default\">Migrar cargas de trabajo entre plataformas o hacia la nube de forma segura y eficiente.<\/span><\/div><\/div><\/div><div id=\"el1755281375992-5d3ec9f2-11ed\" class=\"pix-el-text   w-100\" ><p class=\"\"><p><span style=\"color: #041424;\"><b>\u00a1Moderniza tu infraestructura TI con el respaldo de expertos!<\/b><\/span><\/p>\n<\/p><\/div><a  href=\"https:\/\/overtek.mx\/en\/contacto\/\" class=\"btn mb-2     shadow-sm text-white btn-red d-inline-block pix-hover-item      btn-rounded animate-in btn-md\"   data-anim-type=\"fade-in-left\" data-anim-delay=\"800\" ><i class=\"font-weight-bold pixicon-angle-right  pix-hover-left  mr-1\"><\/i> <span class=\"font-weight-bold\" >Cont\u00e1ctanos para m\u00e1s informaci\u00f3n<\/span><\/a><\/div><div class=\"flex-column d-inline-flex position-relative col-md-6\"><img decoding=\"async\" class=\"pix-lazy card-img pix-fit-cover rounded-0 flex-grow-1 h-100\" src=\"https:\/\/overtek.mx\/wp-content\/plugins\/pixfort-core\/functions\/images\/loading.webp\" data-srcset=\"https:\/\/overtek.mx\/wp-content\/uploads\/2025\/08\/consultoria-en-tecnologias-de-virtualizacion-233x300.jpg 233w, https:\/\/overtek.mx\/wp-content\/uploads\/2025\/08\/consultoria-en-tecnologias-de-virtualizacion-797x1024.jpg 797w, https:\/\/overtek.mx\/wp-content\/uploads\/2025\/08\/consultoria-en-tecnologias-de-virtualizacion-768x987.jpg 768w, https:\/\/overtek.mx\/wp-content\/uploads\/2025\/08\/consultoria-en-tecnologias-de-virtualizacion-9x12.jpg 9w, https:\/\/overtek.mx\/wp-content\/uploads\/2025\/08\/consultoria-en-tecnologias-de-virtualizacion.jpg 1110w\" data-src=\"https:\/\/overtek.mx\/wp-content\/uploads\/2025\/08\/consultoria-en-tecnologias-de-virtualizacion.jpg\" loading=\"lazy\" alt=\"\" \/><\/div><\/div>\n<\/div><\/div><\/div><\/div><\/section><div class=\"vc_row-full-width vc_clearfix\"><\/div><\/section>","protected":false},"excerpt":{"rendered":"Virtualizaci\u00f3n&#32; \u00a1Virtualiza, ahorra y crece!Consultor\u00eda en tecnolog\u00edas de virtualizaci\u00f3nMaximice el uso de sus recursos al menor costo. Hyper-VHyper-V permite administrar un ambiente virtualizado utilizando tecnolog\u00eda integrada en Windows Server.VMwareL\u00edder en virtualizaci\u00f3n, hace ya m\u00e1s de 25 a\u00f1os fue pionero y...","protected":false},"author":1,"featured_media":0,"parent":0,"menu_order":0,"comment_status":"closed","ping_status":"closed","template":"","meta":{"footnotes":""},"class_list":["post-33664","page","type-page","status-publish","hentry"],"_links":{"self":[{"href":"https:\/\/overtek.mx\/en\/wp-json\/wp\/v2\/pages\/33664","targetHints":{"allow":["GET"]}}],"collection":[{"href":"https:\/\/overtek.mx\/en\/wp-json\/wp\/v2\/pages"}],"about":[{"href":"https:\/\/overtek.mx\/en\/wp-json\/wp\/v2\/types\/page"}],"author":[{"embeddable":true,"href":"https:\/\/overtek.mx\/en\/wp-json\/wp\/v2\/users\/1"}],"replies":[{"embeddable":true,"href":"https:\/\/overtek.mx\/en\/wp-json\/wp\/v2\/comments?post=33664"}],"version-history":[{"count":9,"href":"https:\/\/overtek.mx\/en\/wp-json\/wp\/v2\/pages\/33664\/revisions"}],"predecessor-version":[{"id":33863,"href":"https:\/\/overtek.mx\/en\/wp-json\/wp\/v2\/pages\/33664\/revisions\/33863"}],"wp:attachment":[{"href":"https:\/\/overtek.mx\/en\/wp-json\/wp\/v2\/media?parent=33664"}],"curies":[{"name":"wp","href":"https:\/\/api.w.org\/{rel}","templated":true}]}}