{"id":33606,"date":"2025-06-10T17:09:53","date_gmt":"2025-06-10T17:09:53","guid":{"rendered":"https:\/\/overtek.mx\/?page_id=33606"},"modified":"2025-10-28T17:42:26","modified_gmt":"2025-10-28T23:42:26","slug":"cloud","status":"publish","type":"page","link":"https:\/\/overtek.mx\/en\/cloud\/","title":{"rendered":"Cloud"},"content":{"rendered":"<section class=\"wpb-content-wrapper\"><section data-vc-full-width=\"true\" data-vc-full-width-init=\"false\" class=\"vc_section vc_section_visible custom-responsive-154219721 vc_custom_1749658603940 vc_section-has-fill\" data-section-name=\"\"><div class=\"pix_element_overlay  bg-heading-default\" style=\"pointer-events:none;;position:absolute;width:100%;height:100%;top:0;left:0;opacity:0.8;\"><\/div><div data-vc-full-width=\"true\" data-vc-full-width-init=\"false\" class=\"vc_row wpb_row vc_row-fluid vc_row_visible custom-responsive-188160540 vc_row-o-content-middle vc_row-flex\"><div class=\"wpb_column vc_column_container vc_col-sm-12 text-left\"><div class=\"vc_column-inner  vc_custom_1604715604745\"><div class=\"wpb_wrapper\"><div id=\"el1749249152455-266a72b7-6123\" class=\"mb-3 text-center  vc_custom_1749574904249\"><h1 class=\"mb-32 pix-sliding-headline-2 animate-in font-weight-bold secondary-font\" data-anim-type=\"pix-sliding-text\" pix-anim-delay=\"500\" data-class=\"secondary-font text-white\" style=\"\"><span class=\"slide-in-container\"><span class=\"pix-sliding-item secondary-font text-white\" style=\"transition-delay: 0ms;\">Cloud&#32;<\/span><\/span> <\/h1><\/div><\/div><\/div><\/div><\/div><div class=\"vc_row-full-width vc_clearfix\"><\/div><\/section><div class=\"vc_row-full-width vc_clearfix\"><\/div><section data-vc-full-width=\"true\" data-vc-full-width-init=\"false\" class=\"vc_section vc_section_visible vc_custom_1749577045796 vc_section-has-fill\" data-section-name=\"\"><div class=\"vc_row wpb_row vc_row-fluid vc_row_visible\"><div class=\"wpb_column vc_column_container vc_col-sm-6 text-left\"><div class=\"vc_column-inner\"><div class=\"wpb_wrapper\"><span class=\"pix-badge-element h6 d-inline-block mr-1 animate-in\" data-anim-type=\"fade-in-up\" data-anim-delay=\"300\"><span class=\"badge font-weight-bold secondary-font badge-pill bg-gray-3  vc_custom_1749580525961\" style=\" \"><span class=\"text-heading-default\" style=\"\">El futuro es ahora, y est\u00e1 en la nube<\/span><\/span><\/span><div id=\"el1749574944741-0b4d0c37-8e59\" class=\"pix-highlighted-element text-left  vc_custom_1749574977401\"><h2 class=\"pix-highlighted-items\" style=\"\" data-anim-type=\"\" data-anim-delay=\"0\"><span id=\"el1749574944741-0b4d0c37-8e59-0\" class=\"\"><span class=\"pix-highlighted-text pix-highlight-item font-weight-normal  font-weight-bold heading-font text-heading-default\">Comunicaciones y<\/span><\/span><span id=\"el1749574944741-0b4d0c37-8e59-1\" class=\"\"><span class=\"pix-highlighted-text pix-highlight-item font-weight-normal  font-weight-bold heading-font text-primary\"> cloud<\/span><\/span><span id=\"el1749574944741-0b4d0c37-8e59-2\" class=\"\"><span class=\"pix-highlighted-text pix-highlight-item font-weight-normal  font-weight-bold heading-font text-heading-default\"> computing<\/span><\/span><\/h2><\/div><div id=\"el1749574997660-ddc73bc3-fa51\" class=\"pix-el-text   w-100\" ><p class=\"\"><p>Hoy en d\u00eda es importante tener servicios accesibles bajo demanda del usuario. La nube es todo aquello que pueda ser un servicio, software o plataforma. Con la nube, puede empezar r\u00e1pidamente a usar servicios innovadores para aplicaciones empresariales, teniendo datos accesibles en todo momento y sin p\u00e9rdida de los mismos.<\/p>\n<\/p><\/div><div id=\"1603923660157-2ebe82ac-10e7\" class=\"pix-feature-el  media  vc_custom_1749577438507\"><div class=\"mr-3 feature_img animate-in\" data-anim-type=\"fade-in\" data-anim-delay=\"100\" style=\"position:relative;text-align:center;\"><i style=\"display:inline-block;font-size:48px;min-width:48px;line-height:48px;\" class=\"text-red align-middle pixicon-messages-1\"><\/i><\/div><div class=\"media-body text-left\"><h5 class=\"font-weight-bold  secondary-font text-heading-default animate-in\" style=\"\" data-anim-type=\"fade-in\" data-anim-delay=\"200\">Mensajer\u00eda instant\u00e1nea<\/h5><div class=\"text-body-default      animate-in\" style=\"padding-top:10px;\" data-anim-type=\"fade-in\" data-anim-delay=\"300\">Cualquier forma de comunicaci\u00f3n, texto, video o voz, as\u00ed como env\u00edo de archivos, fotos y videos de cualquier tama\u00f1o.<\/div><\/div><\/div><div id=\"1749575119138-cc238d7b-7130\" class=\"pix-feature-el  media  vc_custom_1749577498954\"><div class=\"mr-3 feature_img animate-in\" data-anim-type=\"fade-in\" data-anim-delay=\"100\" style=\"position:relative;text-align:center;\"><i style=\"display:inline-block;font-size:48px;min-width:48px;line-height:48px;\" class=\"text-red align-middle pixicon-users-1\"><\/i><\/div><div class=\"media-body text-left\"><h5 class=\"font-weight-bold  secondary-font text-heading-default animate-in\" style=\"\" data-anim-type=\"fade-in\" data-anim-delay=\"200\">Reuniones por internet<\/h5><div class=\"text-body-default      animate-in\" style=\"padding-top:10px;\" data-anim-type=\"fade-in\" data-anim-delay=\"300\">Tenga reuniones con sus clientes o contratistas desde su oficina con una comunicaci\u00f3n en tiempo real y de calidad con gran seguridad. Encuentre a cualquier compa\u00f1ero de trabajo y programe reuniones en Outlook.<\/div><\/div><\/div><a  href=\"https:\/\/overtek.mx\/en\/contacto\/\" class=\"btn mb-2     shadow-sm text-white btn-red d-inline-block pix-hover-item      btn-rounded animate-in btn-md\"   data-anim-type=\"fade-in-left\" data-anim-delay=\"800\" ><i class=\"font-weight-bold pixicon-angle-right  pix-hover-left  mr-1\"><\/i> <span class=\"font-weight-bold\" >Cont\u00e1ctanos hoy mismo<\/span><\/a><\/div><\/div><\/div><div class=\"wpb_column vc_column_container vc_col-sm-6 text-left\"><div class=\"vc_column-inner\"><div class=\"wpb_wrapper\">\n\t<div  class=\"wpb_single_image wpb_content_element vc_align_left\">\n\t\t\n\t\t<figure class=\"wpb_wrapper vc_figure\">\n\t\t\t<div class=\"vc_single_image-wrapper   vc_box_border_grey\"><img decoding=\"async\" src=\"https:\/\/overtek.mx\/wp-content\/uploads\/2025\/06\/servicios-computing-cloud.jpg\" class=\"vc_single_image-img attachment-full\" alt=\"\" title=\"servicios-computing-cloud\" \/><\/div>\n\t\t<\/figure>\n\t<\/div>\n<\/div><\/div><\/div><\/div><div class=\"vc_row wpb_row vc_row-fluid vc_row_visible vc_custom_1755284687987\"><div class=\"wpb_column vc_column_container vc_col-sm-12 text-left\"><div class=\"vc_column-inner\"><div class=\"wpb_wrapper\"><div class=\"card  overflow-hidden row no-gutters flex-column flex-md-row flex-md-row-reverse   vc_custom_1755285954338 shadow-lg  animate-in\" data-anim-delay=\"0\" data-anim-type=\"fade-in-up\"><div class=\"card-body d-flex2 align-content-between flex-wrap col-md-6 p-lg-5 p-md-5 p-4\"><div id=\"el1755284337586-b14feef8-3df6\" class=\"pix-el-text   w-100\" ><p class=\"\"><h3><b>Nube p\u00fablica Overtek: Potencia, cercan\u00eda y confianza<\/b><\/h3>\n<\/p><\/div><div id=\"el1755284365377-2686ddf0-1ebc\" class=\"pix-el-text   w-100   vc_custom_1755284797273\" ><p class=\"\"><p><b><span style=\"color: #041424;\">Disfruta de los beneficios de la nube con un trato verdaderamente personalizado.<\/span> <\/b><span style=\"font-weight: 400;\">A diferencia de las grandes nubes comerciales como Azure o AWS, en\u00a0Overtek\u00a0interact\u00faas directamente con el equipo que administra tu infraestructura. Esto nos permite ofrecerte:<\/span><\/p>\n<\/p><\/div><div id=\"duo-icon-154701091\" class=\"slide-in-container w-100\" ><div class=\"py-2 animate-in\" data-anim-type=\"fade-in-up\" data-anim-delay=\"0\"><div class=\"pix-feature-list text-18  font-weight-bold     py-2 d-flex align-items-center\" ><div class=\"pix-mr-10 text-primary\" style=\"width:1.5em;min-width:1.5em;height:1.5em;min-width:1.5em;position:relative;line-height:1em;text-align:center;\"><svg width=\"100%\" height=\"100%\" viewbox=\"0 0 24 24\" version=\"1.1\" xmlns=\"http:\/\/www.w3.org\/2000\/svg\" xmlns:xlink=\"http:\/\/www.w3.org\/1999\/xlink\"> <defs><\/defs> <g stroke=\"none\" stroke-width=\"1\" fill=\"none\" fill-rule=\"evenodd\"> <circle fill=\"#000000\" opacity=\"0.3\" cx=\"12\" cy=\"12\" r=\"10\"><\/circle> <path d=\"M16.7689447,7.81768175 C17.1457787,7.41393107 17.7785676,7.39211077 18.1823183,7.76894473 C18.5860689,8.1457787 18.6078892,8.77856757 18.2310553,9.18231825 L11.2310553,16.6823183 C10.8654446,17.0740439 10.2560456,17.107974 9.84920863,16.7592566 L6.34920863,13.7592566 C5.92988278,13.3998345 5.88132125,12.7685345 6.2407434,12.3492086 C6.60016555,11.9298828 7.23146553,11.8813212 7.65079137,12.2407434 L10.4229928,14.616916 L16.7689447,7.81768175 Z\" fill=\"#000000\" fill-rule=\"nonzero\"><\/path> <\/g> <\/svg><\/div><span class=\"text-heading-default\">Atenci\u00f3n personalizada y servicios a la medida de tus necesidades.<\/span><\/div><div class=\"pix-feature-list text-18  font-weight-bold     py-2 d-flex align-items-center\" ><div class=\"pix-mr-10 text-primary\" style=\"width:1.5em;min-width:1.5em;height:1.5em;min-width:1.5em;position:relative;line-height:1em;text-align:center;\"><svg width=\"100%\" height=\"100%\" viewbox=\"0 0 24 24\" version=\"1.1\" xmlns=\"http:\/\/www.w3.org\/2000\/svg\" xmlns:xlink=\"http:\/\/www.w3.org\/1999\/xlink\"> <defs><\/defs> <g stroke=\"none\" stroke-width=\"1\" fill=\"none\" fill-rule=\"evenodd\"> <circle fill=\"#000000\" opacity=\"0.3\" cx=\"12\" cy=\"12\" r=\"10\"><\/circle> <path d=\"M16.7689447,7.81768175 C17.1457787,7.41393107 17.7785676,7.39211077 18.1823183,7.76894473 C18.5860689,8.1457787 18.6078892,8.77856757 18.2310553,9.18231825 L11.2310553,16.6823183 C10.8654446,17.0740439 10.2560456,17.107974 9.84920863,16.7592566 L6.34920863,13.7592566 C5.92988278,13.3998345 5.88132125,12.7685345 6.2407434,12.3492086 C6.60016555,11.9298828 7.23146553,11.8813212 7.65079137,12.2407434 L10.4229928,14.616916 L16.7689447,7.81768175 Z\" fill=\"#000000\" fill-rule=\"nonzero\"><\/path> <\/g> <\/svg><\/div><span class=\"text-heading-default\">Alta disponibilidad multi-sitio, para garantizar continuidad operativa.<\/span><\/div><div class=\"pix-feature-list text-18  font-weight-bold     py-2 d-flex align-items-center\" ><div class=\"pix-mr-10 text-primary\" style=\"width:1.5em;min-width:1.5em;height:1.5em;min-width:1.5em;position:relative;line-height:1em;text-align:center;\"><svg width=\"100%\" height=\"100%\" viewbox=\"0 0 24 24\" version=\"1.1\" xmlns=\"http:\/\/www.w3.org\/2000\/svg\" xmlns:xlink=\"http:\/\/www.w3.org\/1999\/xlink\"> <defs><\/defs> <g stroke=\"none\" stroke-width=\"1\" fill=\"none\" fill-rule=\"evenodd\"> <circle fill=\"#000000\" opacity=\"0.3\" cx=\"12\" cy=\"12\" r=\"10\"><\/circle> <path d=\"M16.7689447,7.81768175 C17.1457787,7.41393107 17.7785676,7.39211077 18.1823183,7.76894473 C18.5860689,8.1457787 18.6078892,8.77856757 18.2310553,9.18231825 L11.2310553,16.6823183 C10.8654446,17.0740439 10.2560456,17.107974 9.84920863,16.7592566 L6.34920863,13.7592566 C5.92988278,13.3998345 5.88132125,12.7685345 6.2407434,12.3492086 C6.60016555,11.9298828 7.23146553,11.8813212 7.65079137,12.2407434 L10.4229928,14.616916 L16.7689447,7.81768175 Z\" fill=\"#000000\" fill-rule=\"nonzero\"><\/path> <\/g> <\/svg><\/div><span class=\"text-heading-default\">Respaldos autom\u00e1ticos y recuperaci\u00f3n ante desastres, sin complicaciones.<\/span><\/div><div class=\"pix-feature-list text-18  font-weight-bold     py-2 d-flex align-items-center\" ><div class=\"pix-mr-10 text-primary\" style=\"width:1.5em;min-width:1.5em;height:1.5em;min-width:1.5em;position:relative;line-height:1em;text-align:center;\"><svg width=\"100%\" height=\"100%\" viewbox=\"0 0 24 24\" version=\"1.1\" xmlns=\"http:\/\/www.w3.org\/2000\/svg\" xmlns:xlink=\"http:\/\/www.w3.org\/1999\/xlink\"> <defs><\/defs> <g stroke=\"none\" stroke-width=\"1\" fill=\"none\" fill-rule=\"evenodd\"> <circle fill=\"#000000\" opacity=\"0.3\" cx=\"12\" cy=\"12\" r=\"10\"><\/circle> <path d=\"M16.7689447,7.81768175 C17.1457787,7.41393107 17.7785676,7.39211077 18.1823183,7.76894473 C18.5860689,8.1457787 18.6078892,8.77856757 18.2310553,9.18231825 L11.2310553,16.6823183 C10.8654446,17.0740439 10.2560456,17.107974 9.84920863,16.7592566 L6.34920863,13.7592566 C5.92988278,13.3998345 5.88132125,12.7685345 6.2407434,12.3492086 C6.60016555,11.9298828 7.23146553,11.8813212 7.65079137,12.2407434 L10.4229928,14.616916 L16.7689447,7.81768175 Z\" fill=\"#000000\" fill-rule=\"nonzero\"><\/path> <\/g> <\/svg><\/div><span class=\"text-heading-default\">Soporte directo y \u00e1gil, sin intermediarios ni tickets interminables.<\/span><\/div><\/div><\/div><div id=\"el1755284490223-0fd644cf-610f\" class=\"pix-el-text   w-100\" ><p class=\"\"><p><span style=\"font-weight: 400;\">Con Overtek, tu nube no solo es poderosa, tambi\u00e9n es cercana. <\/span><span style=\"font-weight: 400;\">Haz que tu infraestructura trabaje contigo, no contra ti.<\/span><\/p>\n<\/p><\/div><\/div><div class=\"flex-column d-inline-flex position-relative col-md-6\"><img decoding=\"async\" class=\"pix-lazy card-img pix-fit-cover rounded-0 flex-grow-1 h-100\" src=\"https:\/\/overtek.mx\/wp-content\/plugins\/pixfort-core\/functions\/images\/loading.webp\" data-srcset=\"https:\/\/overtek.mx\/wp-content\/uploads\/2025\/08\/servicios-en-la-nube-overtek-215x300.jpg 215w, https:\/\/overtek.mx\/wp-content\/uploads\/2025\/08\/servicios-en-la-nube-overtek-733x1024.jpg 733w, https:\/\/overtek.mx\/wp-content\/uploads\/2025\/08\/servicios-en-la-nube-overtek-768x1073.jpg 768w, https:\/\/overtek.mx\/wp-content\/uploads\/2025\/08\/servicios-en-la-nube-overtek.jpg 1110w\" data-src=\"https:\/\/overtek.mx\/wp-content\/uploads\/2025\/08\/servicios-en-la-nube-overtek.jpg\" loading=\"lazy\" alt=\"\" \/><\/div><\/div>\n<\/div><\/div><\/div><\/div><div class=\"vc_row wpb_row vc_row-fluid vc_row_visible vc_custom_1761694935675\"><div class=\"wpb_column vc_column_container vc_col-sm-12 text-left\"><div class=\"vc_column-inner\"><div class=\"wpb_wrapper\"><div class=\"card  overflow-hidden row no-gutters flex-column flex-md-row flex-md-row-reverse   vc_custom_1755285969095 shadow-lg  animate-in\" data-anim-delay=\"0\" data-anim-type=\"fade-in-up\"><div class=\"flex-column d-inline-flex position-relative col-md-6\"><img decoding=\"async\" class=\"pix-lazy card-img pix-fit-cover rounded-0 flex-grow-1 h-100\" src=\"https:\/\/overtek.mx\/wp-content\/plugins\/pixfort-core\/functions\/images\/loading.webp\" data-srcset=\"https:\/\/overtek.mx\/wp-content\/uploads\/2025\/08\/microsoft-azure-overtek-237x300.jpg 237w, https:\/\/overtek.mx\/wp-content\/uploads\/2025\/08\/microsoft-azure-overtek-810x1024.jpg 810w, https:\/\/overtek.mx\/wp-content\/uploads\/2025\/08\/microsoft-azure-overtek-768x971.jpg 768w, https:\/\/overtek.mx\/wp-content\/uploads\/2025\/08\/microsoft-azure-overtek-9x12.jpg 9w, https:\/\/overtek.mx\/wp-content\/uploads\/2025\/08\/microsoft-azure-overtek.jpg 1110w\" data-src=\"https:\/\/overtek.mx\/wp-content\/uploads\/2025\/08\/microsoft-azure-overtek.jpg\" loading=\"lazy\" alt=\"\" \/><\/div><div class=\"card-body d-flex2 align-content-between flex-wrap col-md-6 p-lg-5 p-md-5 p-4\"><div id=\"el1755284810650-c8787103-3205\" class=\"pix-el-text   w-100\" ><p class=\"\"><h3><b>Consultor\u00eda en nube: Azure y AWS<\/b><\/h3>\n<\/p><\/div><div id=\"el1755284810662-5784cede-14f1\" class=\"pix-el-text   w-100   vc_custom_1755285022097\" ><p class=\"\"><p><b><span style=\"color: #041424;\">Impulsa tu transformaci\u00f3n digital con soluciones en la nube seguras, escalables y eficientes.<\/span> <\/b><span style=\"font-weight: 400;\">Ofrecemos consultor\u00eda especializada en plataformas l\u00edderes como\u00a0<\/span><span style=\"color: #041424;\"><b>Microsoft Azure<\/b><span style=\"font-weight: 400;\">\u00a0y\u00a0<\/span><b>Amazon Web Services (AWS)<\/b><\/span><span style=\"font-weight: 400;\">, ayud\u00e1ndote a:<\/span><\/p>\n<\/p><\/div><div id=\"duo-icon-105280569\" class=\"slide-in-container w-100\" ><div class=\"py-2 animate-in\" data-anim-type=\"fade-in-up\" data-anim-delay=\"0\"><div class=\"pix-feature-list text-18       py-2 d-flex align-items-center\" ><div class=\"pix-mr-10 text-primary\" style=\"width:1.5em;min-width:1.5em;height:1.5em;min-width:1.5em;position:relative;line-height:1em;text-align:center;\"><svg width=\"100%\" height=\"100%\" viewbox=\"0 0 24 24\" version=\"1.1\" xmlns=\"http:\/\/www.w3.org\/2000\/svg\" xmlns:xlink=\"http:\/\/www.w3.org\/1999\/xlink\"> <defs><\/defs> <g stroke=\"none\" stroke-width=\"1\" fill=\"none\" fill-rule=\"evenodd\"> <circle fill=\"#000000\" opacity=\"0.3\" cx=\"12\" cy=\"12\" r=\"10\"><\/circle> <path d=\"M16.7689447,7.81768175 C17.1457787,7.41393107 17.7785676,7.39211077 18.1823183,7.76894473 C18.5860689,8.1457787 18.6078892,8.77856757 18.2310553,9.18231825 L11.2310553,16.6823183 C10.8654446,17.0740439 10.2560456,17.107974 9.84920863,16.7592566 L6.34920863,13.7592566 C5.92988278,13.3998345 5.88132125,12.7685345 6.2407434,12.3492086 C6.60016555,11.9298828 7.23146553,11.8813212 7.65079137,12.2407434 L10.4229928,14.616916 L16.7689447,7.81768175 Z\" fill=\"#000000\" fill-rule=\"nonzero\"><\/path> <\/g> <\/svg><\/div><span class=\"text-heading-default\"><b>Configurar entornos cloud<\/b> optimizados para tus necesidades operativas.<\/span><\/div><div class=\"pix-feature-list text-18       py-2 d-flex align-items-center\" ><div class=\"pix-mr-10 text-primary\" style=\"width:1.5em;min-width:1.5em;height:1.5em;min-width:1.5em;position:relative;line-height:1em;text-align:center;\"><svg width=\"100%\" height=\"100%\" viewbox=\"0 0 24 24\" version=\"1.1\" xmlns=\"http:\/\/www.w3.org\/2000\/svg\" xmlns:xlink=\"http:\/\/www.w3.org\/1999\/xlink\"> <defs><\/defs> <g stroke=\"none\" stroke-width=\"1\" fill=\"none\" fill-rule=\"evenodd\"> <circle fill=\"#000000\" opacity=\"0.3\" cx=\"12\" cy=\"12\" r=\"10\"><\/circle> <path d=\"M16.7689447,7.81768175 C17.1457787,7.41393107 17.7785676,7.39211077 18.1823183,7.76894473 C18.5860689,8.1457787 18.6078892,8.77856757 18.2310553,9.18231825 L11.2310553,16.6823183 C10.8654446,17.0740439 10.2560456,17.107974 9.84920863,16.7592566 L6.34920863,13.7592566 C5.92988278,13.3998345 5.88132125,12.7685345 6.2407434,12.3492086 C6.60016555,11.9298828 7.23146553,11.8813212 7.65079137,12.2407434 L10.4229928,14.616916 L16.7689447,7.81768175 Z\" fill=\"#000000\" fill-rule=\"nonzero\"><\/path> <\/g> <\/svg><\/div><span class=\"text-heading-default\"><b>Integrar servicios y aplicaciones<\/b> de forma segura y eficiente.<\/span><\/div><div class=\"pix-feature-list text-18       py-2 d-flex align-items-center\" ><div class=\"pix-mr-10 text-primary\" style=\"width:1.5em;min-width:1.5em;height:1.5em;min-width:1.5em;position:relative;line-height:1em;text-align:center;\"><svg width=\"100%\" height=\"100%\" viewbox=\"0 0 24 24\" version=\"1.1\" xmlns=\"http:\/\/www.w3.org\/2000\/svg\" xmlns:xlink=\"http:\/\/www.w3.org\/1999\/xlink\"> <defs><\/defs> <g stroke=\"none\" stroke-width=\"1\" fill=\"none\" fill-rule=\"evenodd\"> <circle fill=\"#000000\" opacity=\"0.3\" cx=\"12\" cy=\"12\" r=\"10\"><\/circle> <path d=\"M16.7689447,7.81768175 C17.1457787,7.41393107 17.7785676,7.39211077 18.1823183,7.76894473 C18.5860689,8.1457787 18.6078892,8.77856757 18.2310553,9.18231825 L11.2310553,16.6823183 C10.8654446,17.0740439 10.2560456,17.107974 9.84920863,16.7592566 L6.34920863,13.7592566 C5.92988278,13.3998345 5.88132125,12.7685345 6.2407434,12.3492086 C6.60016555,11.9298828 7.23146553,11.8813212 7.65079137,12.2407434 L10.4229928,14.616916 L16.7689447,7.81768175 Z\" fill=\"#000000\" fill-rule=\"nonzero\"><\/path> <\/g> <\/svg><\/div><span class=\"text-heading-default\"><b>Resolver problemas t\u00e9cnicos<\/b> con rapidez y precisi\u00f3n.<\/span><\/div><div class=\"pix-feature-list text-18       py-2 d-flex align-items-center\" ><div class=\"pix-mr-10 text-primary\" style=\"width:1.5em;min-width:1.5em;height:1.5em;min-width:1.5em;position:relative;line-height:1em;text-align:center;\"><svg width=\"100%\" height=\"100%\" viewbox=\"0 0 24 24\" version=\"1.1\" xmlns=\"http:\/\/www.w3.org\/2000\/svg\" xmlns:xlink=\"http:\/\/www.w3.org\/1999\/xlink\"> <defs><\/defs> <g stroke=\"none\" stroke-width=\"1\" fill=\"none\" fill-rule=\"evenodd\"> <circle fill=\"#000000\" opacity=\"0.3\" cx=\"12\" cy=\"12\" r=\"10\"><\/circle> <path d=\"M16.7689447,7.81768175 C17.1457787,7.41393107 17.7785676,7.39211077 18.1823183,7.76894473 C18.5860689,8.1457787 18.6078892,8.77856757 18.2310553,9.18231825 L11.2310553,16.6823183 C10.8654446,17.0740439 10.2560456,17.107974 9.84920863,16.7592566 L6.34920863,13.7592566 C5.92988278,13.3998345 5.88132125,12.7685345 6.2407434,12.3492086 C6.60016555,11.9298828 7.23146553,11.8813212 7.65079137,12.2407434 L10.4229928,14.616916 L16.7689447,7.81768175 Z\" fill=\"#000000\" fill-rule=\"nonzero\"><\/path> <\/g> <\/svg><\/div><span class=\"text-heading-default\"><b>Migrar cargas de trabajo<\/b> desde entornos locales o entre nubes sin interrupciones.<\/span><\/div><\/div><\/div><div id=\"el1755284810687-6e6cbbb0-225a\" class=\"pix-el-text   w-100\" ><p class=\"\"><p>Aprovecha todo el potencial de la nube con el respaldo de expertos certificados.<\/p>\n<\/p><\/div><\/div><\/div>\n<\/div><\/div><\/div><\/div><\/section><div class=\"vc_row-full-width vc_clearfix\"><\/div><\/section>","protected":false},"excerpt":{"rendered":"Cloud&#32; El futuro es ahora, y est\u00e1 en la nubeComunicaciones y cloud computingHoy en d\u00eda es importante tener servicios accesibles bajo demanda del usuario. La nube es todo aquello que pueda ser un servicio, software o plataforma. Con la nube,...","protected":false},"author":1,"featured_media":0,"parent":0,"menu_order":0,"comment_status":"closed","ping_status":"closed","template":"","meta":{"footnotes":""},"class_list":["post-33606","page","type-page","status-publish","hentry"],"_links":{"self":[{"href":"https:\/\/overtek.mx\/en\/wp-json\/wp\/v2\/pages\/33606","targetHints":{"allow":["GET"]}}],"collection":[{"href":"https:\/\/overtek.mx\/en\/wp-json\/wp\/v2\/pages"}],"about":[{"href":"https:\/\/overtek.mx\/en\/wp-json\/wp\/v2\/types\/page"}],"author":[{"embeddable":true,"href":"https:\/\/overtek.mx\/en\/wp-json\/wp\/v2\/users\/1"}],"replies":[{"embeddable":true,"href":"https:\/\/overtek.mx\/en\/wp-json\/wp\/v2\/comments?post=33606"}],"version-history":[{"count":38,"href":"https:\/\/overtek.mx\/en\/wp-json\/wp\/v2\/pages\/33606\/revisions"}],"predecessor-version":[{"id":33975,"href":"https:\/\/overtek.mx\/en\/wp-json\/wp\/v2\/pages\/33606\/revisions\/33975"}],"wp:attachment":[{"href":"https:\/\/overtek.mx\/en\/wp-json\/wp\/v2\/media?parent=33606"}],"curies":[{"name":"wp","href":"https:\/\/api.w.org\/{rel}","templated":true}]}}