{"id":33580,"date":"2025-06-09T21:29:19","date_gmt":"2025-06-09T21:29:19","guid":{"rendered":"https:\/\/overtek.mx\/?page_id=33580"},"modified":"2025-06-11T17:07:59","modified_gmt":"2025-06-11T17:07:59","slug":"infraestructura","status":"publish","type":"page","link":"https:\/\/overtek.mx\/en\/infraestructura\/","title":{"rendered":"Infraestructura"},"content":{"rendered":"<section class=\"wpb-content-wrapper\"><section data-vc-full-width=\"true\" data-vc-full-width-init=\"false\" class=\"vc_section vc_section_visible custom-responsive-140977871 vc_custom_1749657496343 vc_section-has-fill\" data-section-name=\"\"><div class=\"pix_element_overlay  bg-heading-default\" style=\"pointer-events:none;;position:absolute;width:100%;height:100%;top:0;left:0;opacity:0.8;\"><\/div><div data-vc-full-width=\"true\" data-vc-full-width-init=\"false\" class=\"vc_row wpb_row vc_row-fluid vc_row_visible custom-responsive-157184739 vc_row-o-content-middle vc_row-flex\"><div class=\"wpb_column vc_column_container vc_col-sm-12 text-left\"><div class=\"vc_column-inner  vc_custom_1604715604745\"><div class=\"wpb_wrapper\"><div id=\"el1749249152455-266a72b7-6123\" class=\"mb-3 text-center  vc_custom_1749503334382\"><h1 class=\"mb-32 pix-sliding-headline-2 animate-in font-weight-bold secondary-font\" data-anim-type=\"pix-sliding-text\" pix-anim-delay=\"500\" data-class=\"secondary-font text-white\" style=\"\"><span class=\"slide-in-container\"><span class=\"pix-sliding-item secondary-font text-white\" style=\"transition-delay: 0ms;\">Infraestructura&#32;<\/span><\/span> <\/h1><\/div><\/div><\/div><\/div><\/div><div class=\"vc_row-full-width vc_clearfix\"><\/div><\/section><div class=\"vc_row-full-width vc_clearfix\"><\/div><section data-vc-full-width=\"true\" data-vc-full-width-init=\"false\" class=\"vc_section vc_section_visible vc_custom_1749505522012 vc_section-has-fill\" data-section-name=\"\"><div class=\"vc_row wpb_row vc_row-fluid vc_row_visible vc_custom_1749504530073\"><div class=\"wpb_column vc_column_container vc_col-sm-2 text-left\"><div class=\"vc_column-inner\"><div class=\"wpb_wrapper\"><\/div><\/div><\/div><div class=\"wpb_column vc_column_container vc_col-sm-8 text-left\"><div class=\"vc_column-inner\"><div class=\"wpb_wrapper\"><div class=\"clients row   vc_custom_1749504469356\"><div class=\"d-none d-md-block clearfix w-100 col-12\"><\/div><div class=\"col-md col-12 -3  text-center client2 d-inline-block2 d-inline-flex client\"><div class=\"py-3 d-inline-block align-self-center w-100\" title=\"\"><img loading=\"lazy\" decoding=\"async\" src=\"https:\/\/overtek.mx\/wp-content\/uploads\/2025\/06\/mpsdc.png\" srcset=\"https:\/\/overtek.mx\/wp-content\/uploads\/2025\/06\/mpsdc-300x71.png 300w, https:\/\/overtek.mx\/wp-content\/uploads\/2025\/06\/mpsdc-18x4.png 18w, https:\/\/overtek.mx\/wp-content\/uploads\/2025\/06\/mpsdc.png 557w\" sizes=\"auto, (max-width: 557px) 100vw, 557px\" width=\"557\" height=\"132\" class=\"animate-in\" alt=\"\" data-anim-type=\"fade-in-up\" data-anim-delay=\"1000\"><\/div><\/div><div class=\"col-md col-12 -3  text-center client2 d-inline-block2 d-inline-flex client\"><div class=\"py-3 d-inline-block align-self-center w-100\" title=\"\"><img loading=\"lazy\" decoding=\"async\" src=\"https:\/\/overtek.mx\/wp-content\/uploads\/2025\/06\/mpsmsp.png\" srcset=\"https:\/\/overtek.mx\/wp-content\/uploads\/2025\/06\/mpsmsp-300x54.png 300w, https:\/\/overtek.mx\/wp-content\/uploads\/2025\/06\/mpsmsp-18x3.png 18w, https:\/\/overtek.mx\/wp-content\/uploads\/2025\/06\/mpsmsp.png 739w\" sizes=\"auto, (max-width: 739px) 100vw, 739px\" width=\"739\" height=\"132\" class=\"animate-in\" alt=\"\" data-anim-type=\"fade-in-up\" data-anim-delay=\"1200\"><\/div><\/div><div class=\"col-md col-12 -3  text-center client2 d-inline-block2 d-inline-flex client\"><div class=\"py-3 d-inline-block align-self-center w-100\" title=\"\"><img loading=\"lazy\" decoding=\"async\" src=\"https:\/\/overtek.mx\/wp-content\/uploads\/2025\/06\/mpsh.png\" srcset=\"https:\/\/overtek.mx\/wp-content\/uploads\/2025\/06\/mpsh-300x71.png 300w, https:\/\/overtek.mx\/wp-content\/uploads\/2025\/06\/mpsh-18x4.png 18w, https:\/\/overtek.mx\/wp-content\/uploads\/2025\/06\/mpsh.png 557w\" sizes=\"auto, (max-width: 557px) 100vw, 557px\" width=\"557\" height=\"132\" class=\"animate-in\" alt=\"\" data-anim-type=\"fade-in-up\" data-anim-delay=\"1400\"><\/div><\/div><\/div>\n<\/div><\/div><\/div><div class=\"wpb_column vc_column_container vc_col-sm-2 text-left\"><div class=\"vc_column-inner\"><div class=\"wpb_wrapper\"><\/div><\/div><\/div><\/div><div class=\"vc_row wpb_row vc_row-fluid vc_row_visible vc_row-o-equal-height vc_row-flex\"><div class=\"wpb_column vc_column_container vc_col-sm-5 text-left\"><div class=\"vc_column-inner\"><div class=\"wpb_wrapper\"><div class=\"pix-content-box card   sticky-top pix-sticky-top-adjust      rounded-lg bg- w-100\"   ><div class=\"\" style=\"z-index:30;position:relative;\"><div id=\"el1613521949772-0c712dee-cf78\" class=\"pix-highlighted-element text-left  vc_custom_1749504294843\"><h2 class=\"pix-highlighted-items\" style=\"\" data-anim-type=\"\" data-anim-delay=\"0\"><span id=\"el1613521949772-0c712dee-cf78-0\" class=\"\"><span class=\"pix-highlighted-text pix-highlight-item font-weight-normal  font-weight-bold heading-font text-heading-default\">\u00bfPor qu\u00e9 elegir a<\/span><\/span><span id=\"el1613521949772-0c712dee-cf78-1\" class=\"\"><span class=\"pix-highlighted-text pix-highlight-item font-weight-normal  font-weight-bold heading-font text-primary\"> OVERTEK<\/span><\/span><span id=\"el1613521949772-0c712dee-cf78-2\" class=\"\"><span class=\"pix-highlighted-text pix-highlight-item font-weight-normal  font-weight-bold heading-font text-heading-default\">?<\/span><\/span><\/h2><\/div><div id=\"el1749503423912-3ea53dc4-17c6\" class=\"pix-el-text   w-100\" ><p class=\"\"><div class=\"row bottom-row centrado\">\n<div class=\"col-xs-12\">\n<p><span id=\"ContentPlaceHolder1_lblPorC\">Identifique los servicios de infraestructura que necesita, pregunt\u00e1ndose: \u00bfd\u00f3nde est\u00e1?, \u00bfa d\u00f3nde quiere llegar? Y \u00bfc\u00f3mo quiere llegar?<\/span><\/p>\n<\/div>\n<\/div><\/div><div id=\"duo-icon-59402910\" class=\"slide-in-container w-100   vc_custom_1749504221102\" ><div class=\"py-2 animate-in\" data-anim-type=\"fade-in-right\" data-anim-delay=\"1000\"><div class=\"pix-feature-list        py-2 d-flex align-items-center\" ><div class=\"pix-mr-10 text-red\" style=\"width:1.5em;min-width:1.5em;height:1.5em;min-width:1.5em;position:relative;line-height:1em;text-align:center;\"><svg width=\"100%\" height=\"100%\" viewbox=\"0 0 24 24\" version=\"1.1\" xmlns=\"http:\/\/www.w3.org\/2000\/svg\" xmlns:xlink=\"http:\/\/www.w3.org\/1999\/xlink\"> <defs><\/defs> <g stroke=\"none\" stroke-width=\"1\" fill=\"none\" fill-rule=\"evenodd\"> <path d=\"M6.26193932,17.6476484 C5.90425297,18.0684559 5.27315905,18.1196257 4.85235158,17.7619393 C4.43154411,17.404253 4.38037434,16.773159 4.73806068,16.3523516 L13.2380607,6.35235158 C13.6013618,5.92493855 14.2451015,5.87991302 14.6643638,6.25259068 L19.1643638,10.2525907 C19.5771466,10.6195087 19.6143273,11.2515811 19.2474093,11.6643638 C18.8804913,12.0771466 18.2484189,12.1143273 17.8356362,11.7474093 L14.0997854,8.42665306 L6.26193932,17.6476484 Z\" fill=\"#000000\" fill-rule=\"nonzero\" transform=\"translate(11.999995, 12.000002) rotate(-180.000000) translate(-11.999995, -12.000002) \"><\/path> <\/g> <\/svg><\/div><span class=\"text-body-default\">Dise\u00f1o y definici\u00f3n de los cambios que requiere su infraestructura y el periodo de tiempo en el que se deben cumplir.<\/span><\/div><div class=\"pix-feature-list        py-2 d-flex align-items-center\" ><div class=\"pix-mr-10 text-red\" style=\"width:1.5em;min-width:1.5em;height:1.5em;min-width:1.5em;position:relative;line-height:1em;text-align:center;\"><svg width=\"100%\" height=\"100%\" viewbox=\"0 0 24 24\" version=\"1.1\" xmlns=\"http:\/\/www.w3.org\/2000\/svg\" xmlns:xlink=\"http:\/\/www.w3.org\/1999\/xlink\"> <defs><\/defs> <g stroke=\"none\" stroke-width=\"1\" fill=\"none\" fill-rule=\"evenodd\"> <path d=\"M6.26193932,17.6476484 C5.90425297,18.0684559 5.27315905,18.1196257 4.85235158,17.7619393 C4.43154411,17.404253 4.38037434,16.773159 4.73806068,16.3523516 L13.2380607,6.35235158 C13.6013618,5.92493855 14.2451015,5.87991302 14.6643638,6.25259068 L19.1643638,10.2525907 C19.5771466,10.6195087 19.6143273,11.2515811 19.2474093,11.6643638 C18.8804913,12.0771466 18.2484189,12.1143273 17.8356362,11.7474093 L14.0997854,8.42665306 L6.26193932,17.6476484 Z\" fill=\"#000000\" fill-rule=\"nonzero\" transform=\"translate(11.999995, 12.000002) rotate(-180.000000) translate(-11.999995, -12.000002) \"><\/path> <\/g> <\/svg><\/div><span class=\"text-body-default\">Acelere el proceso de obtenci\u00f3n de beneficios tecnol\u00f3gicos para su empresa capacitando a su personal.<\/span><\/div><\/div><\/div><a  href=\"https:\/\/overtek.mx\/en\/contacto\/\" class=\"btn mb-2    vc_custom_1749661677949  shadow-lg shadow-hover-lg text-white btn-red d-inline-block pix-hover-item      btn-rounded btn-md\"     ><span class=\"font-weight-bold\" >Hablemos de tu proyecto<\/span> <i class=\"font-weight-bold pixicon-arrow-circle-right  pix-hover-right  ml-1\"><\/i><\/a><\/div><\/div><\/div><\/div><\/div><div class=\"wpb_column vc_column_container vc_col-sm-7 text-left\"><div class=\"vc_column-inner\"><div class=\"wpb_wrapper\"><div class=\"pix-content-box card      vc_custom_1749580704725 custom-responsive-108878367   rounded-xl shadow-sm shadow-hover-sm fly-sm animate-in bg- w-100\"  data-anim-type=\"pix-3d-down-in\" data-anim-delay=\"0\"><div class=\"\" style=\"z-index:30;position:relative;\"><div id=\"1638311808816-57cf51ad-81e0\" class=\"pix-feature-el  media\"><div class=\"feature_img  mr-3 animate-in\" data-anim-type=\"fade-in-up\" data-anim-delay=\"600\" style=\"width:90px;height:auto;display:inline-block;position:relative;\"><img decoding=\"async\" style=\"width:90px;height:90px;\" class=\"img-fluid2 pix-fit-cover rounded-circle\" src=\"https:\/\/overtek.mx\/wp-content\/uploads\/2025\/06\/soluciones-en-la-nube.jpg\" alt=\"Cloud y comunicaciones\"><\/div><div class=\"media-body text-left\"><h5 class=\"font-weight-bold  secondary-font text-heading-default animate-in\" style=\"\" data-anim-type=\"fade-in-up\" data-anim-delay=\"700\">Cloud y comunicaciones<\/h5><div class=\"text-body-default text-18     animate-in\" style=\"padding-top:5px;\" data-anim-type=\"fade-in-up\" data-anim-delay=\"800\">Utilice estos innovadores servicios para aplicaciones empresariales, con datos accesibles en todo momento.<\/div><\/div><\/div><\/div><\/div><div class=\"pix-content-box card      vc_custom_1749580711287 custom-responsive-66802750   rounded-xl shadow-sm shadow-hover-sm fly-sm animate-in bg- w-100\"  data-anim-type=\"pix-3d-down-in\" data-anim-delay=\"0\"><div class=\"\" style=\"z-index:30;position:relative;\"><div id=\"1749505296512-d9072823-8f22\" class=\"pix-feature-el  media\"><div class=\"feature_img  mr-3 animate-in\" data-anim-type=\"fade-in-up\" data-anim-delay=\"600\" style=\"width:90px;height:auto;display:inline-block;position:relative;\"><img decoding=\"async\" style=\"width:90px;height:90px;\" class=\"img-fluid2 pix-fit-cover rounded-circle\" src=\"https:\/\/overtek.mx\/wp-content\/uploads\/2025\/06\/servicios-empresariales.jpg\" alt=\"Servidores empresariales\"><\/div><div class=\"media-body text-left\"><h5 class=\"font-weight-bold  secondary-font text-heading-default animate-in\" style=\"\" data-anim-type=\"fade-in-up\" data-anim-delay=\"700\">Servidores empresariales<\/h5><div class=\"text-body-default text-18     animate-in\" style=\"padding-top:5px;\" data-anim-type=\"fade-in-up\" data-anim-delay=\"800\">Optimice sus recursos tecnol\u00f3gicos con la elecci\u00f3n y configuraci\u00f3n adecuadas de servidores.<\/div><\/div><\/div><\/div><\/div><div class=\"pix-content-box card      vc_custom_1749580715634 custom-responsive-142679701   rounded-xl shadow-sm shadow-hover-sm fly-sm animate-in bg- w-100\"  data-anim-type=\"pix-3d-down-in\" data-anim-delay=\"0\"><div class=\"\" style=\"z-index:30;position:relative;\"><div id=\"1749505370329-c4e08883-6226\" class=\"pix-feature-el  media\"><div class=\"feature_img  mr-3 animate-in\" data-anim-type=\"fade-in-up\" data-anim-delay=\"600\" style=\"width:90px;height:auto;display:inline-block;position:relative;\"><img decoding=\"async\" style=\"width:90px;height:90px;\" class=\"img-fluid2 pix-fit-cover rounded-circle\" src=\"https:\/\/overtek.mx\/wp-content\/uploads\/2025\/06\/soluciones-en-ti.jpg\" alt=\"Virtualizaci\u00f3n\"><\/div><div class=\"media-body text-left\"><h5 class=\"font-weight-bold  secondary-font text-heading-default animate-in\" style=\"\" data-anim-type=\"fade-in-up\" data-anim-delay=\"700\">Virtualizaci\u00f3n<\/h5><div class=\"text-body-default text-18     animate-in\" style=\"padding-top:5px;\" data-anim-type=\"fade-in-up\" data-anim-delay=\"800\">Aumente la eficiencia y la agilidad de su empresa reduciendo los costos de TI.<\/div><\/div><\/div><\/div><\/div><\/div><\/div><\/div><\/div><\/section><div class=\"vc_row-full-width vc_clearfix\"><\/div><\/section>","protected":false},"excerpt":{"rendered":"Infraestructura&#32; \u00bfPor qu\u00e9 elegir a OVERTEK? Identifique los servicios de infraestructura que necesita, pregunt\u00e1ndose: \u00bfd\u00f3nde est\u00e1?, \u00bfa d\u00f3nde quiere llegar? Y \u00bfc\u00f3mo quiere llegar? Dise\u00f1o y definici\u00f3n de los cambios que requiere su infraestructura y el periodo de tiempo en...","protected":false},"author":1,"featured_media":0,"parent":0,"menu_order":0,"comment_status":"closed","ping_status":"closed","template":"","meta":{"footnotes":""},"class_list":["post-33580","page","type-page","status-publish","hentry"],"_links":{"self":[{"href":"https:\/\/overtek.mx\/en\/wp-json\/wp\/v2\/pages\/33580","targetHints":{"allow":["GET"]}}],"collection":[{"href":"https:\/\/overtek.mx\/en\/wp-json\/wp\/v2\/pages"}],"about":[{"href":"https:\/\/overtek.mx\/en\/wp-json\/wp\/v2\/types\/page"}],"author":[{"embeddable":true,"href":"https:\/\/overtek.mx\/en\/wp-json\/wp\/v2\/users\/1"}],"replies":[{"embeddable":true,"href":"https:\/\/overtek.mx\/en\/wp-json\/wp\/v2\/comments?post=33580"}],"version-history":[{"count":22,"href":"https:\/\/overtek.mx\/en\/wp-json\/wp\/v2\/pages\/33580\/revisions"}],"predecessor-version":[{"id":33710,"href":"https:\/\/overtek.mx\/en\/wp-json\/wp\/v2\/pages\/33580\/revisions\/33710"}],"wp:attachment":[{"href":"https:\/\/overtek.mx\/en\/wp-json\/wp\/v2\/media?parent=33580"}],"curies":[{"name":"wp","href":"https:\/\/api.w.org\/{rel}","templated":true}]}}