{"id":3,"date":"2025-05-15T17:31:39","date_gmt":"2025-05-15T17:31:39","guid":{"rendered":"https:\/\/overtek.mx\/?page_id=3"},"modified":"2025-06-11T19:17:09","modified_gmt":"2025-06-11T19:17:09","slug":"aviso-de-privacidad","status":"publish","type":"page","link":"https:\/\/overtek.mx\/en\/aviso-de-privacidad\/","title":{"rendered":"AVISO DE PRIVACIDAD OVERTEK S.A. DE C.V."},"content":{"rendered":"<h2 class=\"wp-block-heading\"><\/h2>\n\n\n\n<p>Conforme a lo que se\u00f1ala la Ley Federal de Protecci\u00f3n de Datos Personales en Posesi\u00f3n de los Particulares (en lo sucesivo \u201cla Ley\u201d) le informamos que Overtek S.A. de C.V. (en adelante \u201cOvertek\u201d), con domicilio en Av Perif\u00e9rico Poniente 10003 Interior 8 y 9 Planta Baja Zona B, Fraccionamiento Industrial El Colli Urbano, 45069 Zapopan, Jal. M\u00e9xico, Tel.\/Fax: +52 (33) 3631 9625, ser\u00e1 el responsable de tratar los datos personales (incluyendo los sensibles) que Usted como \u201cTitular\u201d nos proporcione en base a los t\u00e9rminos del presente Aviso de Privacidad. Los datos personales (incluyendo los sensibles), ser\u00e1n recabados, tratados y resguardados con base a los principios establecidos en La Ley y su Reglamento, y protegidos con medios tecnol\u00f3gicos y f\u00edsicos apropiados, de manera que se evite su p\u00e9rdida, alteraci\u00f3n o mal uso. La informaci\u00f3n y\/o datos personales (incluyendo los sensibles) que se proporcionen a Overtek directamente y con pleno consentimiento por el Titular, se utilizar\u00e1n en lo siguiente:<\/p>\n\n\n\n<ul class=\"wp-block-list\">\n<li>Temas laborales (reclutamiento, contrataci\u00f3n, etc.)<\/li>\n\n\n\n<li>Proveer servicios\/productos que se hayan requerido.<\/li>\n\n\n\n<li>Dar a conocer nuevos servicios\/productos.<\/li>\n\n\n\n<li>Dar seguimiento y cumplimiento a compromisos acordados con clientes y proveedores.<\/li>\n\n\n\n<li>Evaluar la calidad del servicio brindado<\/li>\n<\/ul>\n\n\n\n<p>Como Titular de los datos objeto del presente Aviso de Privacidad, usted podr\u00e1 hacer valer sus derechos de acceso, rectificaci\u00f3n, cancelaci\u00f3n u oposici\u00f3n (Derechos ARCO), mismos que se indican en La Ley, mediante solicitud dirigida a Overtek S.A. de C.V. al correo electr\u00f3nico <a href=\"mailto:aviso@overtek.mx\">aviso@overtek.mx<\/a>.<\/p>\n\n\n\n<p>Con el presente Aviso de Privacidad, usted como Titular de la informaci\u00f3n, queda informado del uso que se les dar\u00e1n a los datos recabados.<\/p>\n\n\n\n<p>Overtek se reserva el derecho a realizar modificaciones al presente Aviso de Privacidad, asumiendo que cualquier cambio se har\u00e1 de su conocimiento a trav\u00e9s de nuestra p\u00e1gina web: www.overtek.mx.<\/p>","protected":false},"excerpt":{"rendered":"Conforme a lo que se\u00f1ala la Ley Federal de Protecci\u00f3n de Datos Personales en Posesi\u00f3n de los Particulares (en lo sucesivo \u201cla Ley\u201d) le informamos que Overtek S.A. de C.V. (en adelante \u201cOvertek\u201d), con domicilio en Av Perif\u00e9rico Poniente 10003&#8230;","protected":false},"author":1,"featured_media":0,"parent":0,"menu_order":0,"comment_status":"closed","ping_status":"closed","template":"","meta":{"footnotes":""},"class_list":["post-3","page","type-page","status-publish","hentry"],"_links":{"self":[{"href":"https:\/\/overtek.mx\/en\/wp-json\/wp\/v2\/pages\/3","targetHints":{"allow":["GET"]}}],"collection":[{"href":"https:\/\/overtek.mx\/en\/wp-json\/wp\/v2\/pages"}],"about":[{"href":"https:\/\/overtek.mx\/en\/wp-json\/wp\/v2\/types\/page"}],"author":[{"embeddable":true,"href":"https:\/\/overtek.mx\/en\/wp-json\/wp\/v2\/users\/1"}],"replies":[{"embeddable":true,"href":"https:\/\/overtek.mx\/en\/wp-json\/wp\/v2\/comments?post=3"}],"version-history":[{"count":4,"href":"https:\/\/overtek.mx\/en\/wp-json\/wp\/v2\/pages\/3\/revisions"}],"predecessor-version":[{"id":33743,"href":"https:\/\/overtek.mx\/en\/wp-json\/wp\/v2\/pages\/3\/revisions\/33743"}],"wp:attachment":[{"href":"https:\/\/overtek.mx\/en\/wp-json\/wp\/v2\/media?parent=3"}],"curies":[{"name":"wp","href":"https:\/\/api.w.org\/{rel}","templated":true}]}}